{"id":138479,"date":"2026-03-23T14:04:59","date_gmt":"2026-03-23T13:04:59","guid":{"rendered":"https:\/\/nailedstore.nl\/?post_type=product&#038;p=138479"},"modified":"2026-04-01T13:18:11","modified_gmt":"2026-04-01T11:18:11","slug":"b-perfect-kleurgevend-serum-anti-age","status":"publish","type":"product","link":"https:\/\/nailedstore.nl\/nl\/produkt\/b-perfect-kleurgevend-serum-anti-age\/","title":{"rendered":"B PERFECT &#8211; KLEURGEVENDE ANTI-AGE SERUM"},"content":{"rendered":"<h2>Anti-age gezichtserum \u2013 Swederm B PERFECT<\/h2>\n<p>Swederm B PERFECT ANTI-AGE SERUM FLUID is een innovatief serum met fluid, dat de eigenschappen van een verhelderende foundation, anti-aging serum en beschermende SPF 15 filter combineert, die de huid beschermt tegen UV-stralen. Het bevat zorgvuldig geselecteerde plantenextracten die zorgen voor een jonger uiterlijk en een stralende teint. Minerale pigmenten bieden een lichte dekking en egaliseren de teint, waardoor een natuurlijke basis voor make-up ontstaat. De zijdezachte textuur laat de huid fluweelzacht aanvoelen. De unieke tint mengt perfect met de huid, hoewel het mogelijk niet geschikt is voor zeer lichte huidtinten. Het serum is verrijkt met alo\u00eb vera pulp en een mix van 4 natuurlijke oli\u00ebn die de lipidenbarri\u00e8re van de huid versterken. Plantenextracten met vitamine E beschermen tegen vrije radicalen, waardoor huidverslapping en rimpelvorming worden voorkomen. Het zorgt voor een matte finish, bescherming en voeding van de huid. Bij het oprollen van het product, goed schudden, een kleine hoeveelheid aanbrengen en gebruiken op goed geabsorbeerde cr\u00e8me.<\/p>\n","protected":false},"excerpt":{"rendered":"<p>Swederm B PERFECT ANTI-AGE SERUM FLUID is een innovatief serum met fluid dat verzorging combineert met subtiele make-up. Het beschermt de huid tegen UV-stralen en vervuiling.<\/p>\n","protected":false},"featured_media":138407,"comment_status":"open","ping_status":"closed","template":"","meta":{"_eb_attr":"","_uag_custom_page_level_css":"","_eb_data_table":"","site-sidebar-layout":"default","site-content-layout":"","ast-site-content-layout":"default","site-content-style":"default","site-sidebar-style":"default","ast-global-header-display":"","ast-banner-title-visibility":"","ast-main-header-display":"","ast-hfb-above-header-display":"","ast-hfb-below-header-display":"","ast-hfb-mobile-header-display":"","site-post-title":"","ast-breadcrumbs-content":"","ast-featured-img":"","footer-sml-layout":"","ast-disable-related-posts":"","theme-transparent-header-meta":"","adv-header-id-meta":"","stick-header-meta":"","header-above-stick-meta":"","header-main-stick-meta":"","header-below-stick-meta":"","astra-migrate-meta-layouts":"default","ast-page-background-enabled":"default","ast-page-background-meta":{"desktop":{"background-color":"var(--ast-global-color-5)","background-image":"","background-repeat":"repeat","background-position":"center center","background-size":"auto","background-attachment":"scroll","background-type":"","background-media":"","overlay-type":"","overlay-color":"","overlay-opacity":"","overlay-gradient":""},"tablet":{"background-color":"","background-image":"","background-repeat":"repeat","background-position":"center center","background-size":"auto","background-attachment":"scroll","background-type":"","background-media":"","overlay-type":"","overlay-color":"","overlay-opacity":"","overlay-gradient":""},"mobile":{"background-color":"","background-image":"","background-repeat":"repeat","background-position":"center center","background-size":"auto","background-attachment":"scroll","background-type":"","background-media":"","overlay-type":"","overlay-color":"","overlay-opacity":"","overlay-gradient":""}},"ast-content-background-meta":{"desktop":{"background-color":"var(--ast-global-color-4)","background-image":"","background-repeat":"repeat","background-position":"center center","background-size":"auto","background-attachment":"scroll","background-type":"","background-media":"","overlay-type":"","overlay-color":"","overlay-opacity":"","overlay-gradient":""},"tablet":{"background-color":"var(--ast-global-color-4)","background-image":"","background-repeat":"repeat","background-position":"center center","background-size":"auto","background-attachment":"scroll","background-type":"","background-media":"","overlay-type":"","overlay-color":"","overlay-opacity":"","overlay-gradient":""},"mobile":{"background-color":"var(--ast-global-color-4)","background-image":"","background-repeat":"repeat","background-position":"center center","background-size":"auto","background-attachment":"scroll","background-type":"","background-media":"","overlay-type":"","overlay-color":"","overlay-opacity":"","overlay-gradient":""}}},"product_brand":[],"product_cat":[187,536,577],"product_tag":[],"class_list":{"0":"post-138479","1":"product","2":"type-product","3":"status-publish","4":"has-post-thumbnail","6":"product_cat-nailed-store-nl","7":"product_cat-schoonheid","8":"product_cat-swederm-schoonheid","9":"desktop-align-left","10":"tablet-align-left","11":"mobile-align-left","13":"first","14":"instock","15":"taxable","16":"shipping-taxable","17":"purchasable","18":"product-type-simple"},"spectra_custom_meta":{"_thumbnail_id":["138407"],"_regular_price":["28"],"_price":["28"],"_sku":["swederm-b-perfect-anti-age-serum-fluid"],"_stock":["2.000000"],"_stock_status":["instock"],"_manage_stock":["yes"],"_virtual":["no"],"_downloadable":["no"],"_tax_status":["taxable"],"rank_math_title":["B PERFECT - Kleurgevend Anti-Age Serum"],"rank_math_description":["Serum met fluid SPF 15, verheldert, beschermt, verjongt. Voor een jongere, stralende huid."],"_wpml_word_count":["228"],"_wp_old_date":["2026-03-27"],"_wcml_average_rating":[null],"_wcml_review_count":[null],"_wcml_rating_count":[null],"total_sales":["0"],"_tax_class":[""],"_backorders":["no"],"_sold_individually":["no"],"_download_limit":["-1"],"_download_expiry":["-1"],"_wc_average_rating":[0],"_wc_review_count":["0"],"_product_version":["10.6.1"],"_edit_last":["1345"],"_eb_reusable_block_ids":["a:0:{}"],"_uag_css_file_name":["uag-css-138479.css"],"_uag_page_assets":["a:9:{s:3:\"css\";s:263:\".uag-blocks-common-selector{z-index:var(--z-index-desktop) !important}@media (max-width: 976px){.uag-blocks-common-selector{z-index:var(--z-index-tablet) !important}}@media (max-width: 767px){.uag-blocks-common-selector{z-index:var(--z-index-mobile) !important}}\n\";s:2:\"js\";s:0:\"\";s:18:\"current_block_list\";a:2:{i:0;s:22:\"wpml\/language-switcher\";i:1;s:14:\"core\/shortcode\";}s:8:\"uag_flag\";b:0;s:11:\"uag_version\";s:10:\"1776293836\";s:6:\"gfonts\";a:0:{}s:10:\"gfonts_url\";s:0:\"\";s:12:\"gfonts_files\";a:0:{}s:14:\"uag_faq_layout\";b:0;}"],"_max_variation_price":[""],"_max_variation_regular_price":[""],"_max_variation_sale_price":[""],"_min_variation_price":[""],"_min_variation_regular_price":[""],"_min_variation_sale_price":[""],"_sale_price":[""],"_wc_rating_count":[""]},"uagb_featured_image_src":{"full":["https:\/\/nailedstore.nl\/wp-content\/uploads\/2026\/03\/5905669134613_B_Perfect_30ml_2.jpg",1500,2000,false],"thumbnail":["https:\/\/nailedstore.nl\/wp-content\/uploads\/2026\/03\/5905669134613_B_Perfect_30ml_2-150x150.jpg",150,150,true],"medium":["https:\/\/nailedstore.nl\/wp-content\/uploads\/2026\/03\/5905669134613_B_Perfect_30ml_2-225x300.jpg",225,300,true],"medium_large":["https:\/\/nailedstore.nl\/wp-content\/uploads\/2026\/03\/5905669134613_B_Perfect_30ml_2-768x1024.jpg",768,1024,true],"large":["https:\/\/nailedstore.nl\/wp-content\/uploads\/2026\/03\/5905669134613_B_Perfect_30ml_2-768x1024.jpg",768,1024,true],"1536x1536":["https:\/\/nailedstore.nl\/wp-content\/uploads\/2026\/03\/5905669134613_B_Perfect_30ml_2-1152x1536.jpg",1152,1536,true],"2048x2048":["https:\/\/nailedstore.nl\/wp-content\/uploads\/2026\/03\/5905669134613_B_Perfect_30ml_2.jpg",1500,2000,false],"woocommerce_thumbnail":["https:\/\/nailedstore.nl\/wp-content\/uploads\/2026\/03\/5905669134613_B_Perfect_30ml_2-300x300.jpg",300,300,true],"woocommerce_single":["https:\/\/nailedstore.nl\/wp-content\/uploads\/2026\/03\/5905669134613_B_Perfect_30ml_2-600x800.jpg",600,800,true],"woocommerce_gallery_thumbnail":["https:\/\/nailedstore.nl\/wp-content\/uploads\/2026\/03\/5905669134613_B_Perfect_30ml_2-100x100.jpg",100,100,true],"dgwt-wcas-product-suggestion":["https:\/\/nailedstore.nl\/wp-content\/uploads\/2026\/03\/5905669134613_B_Perfect_30ml_2-64x85.jpg",64,85,true]},"uagb_author_info":{"display_name":"Kasia","author_link":"https:\/\/nailedstore.nl\/nl\/author\/"},"uagb_comment_info":0,"uagb_excerpt":"Swederm B PERFECT ANTI-AGE SERUM FLUID is een innovatief serum met fluid dat verzorging combineert met subtiele make-up. Het beschermt de huid tegen UV-stralen en vervuiling.","_links":{"self":[{"href":"https:\/\/nailedstore.nl\/nl\/wp-json\/wp\/v2\/product\/138479","targetHints":{"allow":["GET"]}}],"collection":[{"href":"https:\/\/nailedstore.nl\/nl\/wp-json\/wp\/v2\/product"}],"about":[{"href":"https:\/\/nailedstore.nl\/nl\/wp-json\/wp\/v2\/types\/product"}],"replies":[{"embeddable":true,"href":"https:\/\/nailedstore.nl\/nl\/wp-json\/wp\/v2\/comments?post=138479"}],"wp:featuredmedia":[{"embeddable":true,"href":"https:\/\/nailedstore.nl\/nl\/wp-json\/wp\/v2\/media\/138407"}],"wp:attachment":[{"href":"https:\/\/nailedstore.nl\/nl\/wp-json\/wp\/v2\/media?parent=138479"}],"wp:term":[{"taxonomy":"product_brand","embeddable":true,"href":"https:\/\/nailedstore.nl\/nl\/wp-json\/wp\/v2\/product_brand?post=138479"},{"taxonomy":"product_cat","embeddable":true,"href":"https:\/\/nailedstore.nl\/nl\/wp-json\/wp\/v2\/product_cat?post=138479"},{"taxonomy":"product_tag","embeddable":true,"href":"https:\/\/nailedstore.nl\/nl\/wp-json\/wp\/v2\/product_tag?post=138479"}],"curies":[{"name":"wp","href":"https:\/\/api.w.org\/{rel}","templated":true}]}}