{"id":138483,"date":"2026-03-23T14:03:32","date_gmt":"2026-03-23T13:03:32","guid":{"rendered":"https:\/\/nailedstore.nl\/?post_type=product&#038;p=138483"},"modified":"2026-04-01T13:18:10","modified_gmt":"2026-04-01T11:18:10","slug":"perfect-drop-fluid-2","status":"publish","type":"product","link":"https:\/\/nailedstore.nl\/nl\/produkt\/perfect-drop-fluid-2\/","title":{"rendered":"PERFECT DROP &#8211; FLUID"},"content":{"rendered":"<h2>Make-up met een natuurlijke, frisse finish \u2013 lichte foundation PERFECT DROP<\/h2>\n<p>De PERFECT DROP foundation is een must-have in je dagelijkse make-up routine. Hiermee krijg je een <strong>natuurlijke finish zonder masker-effect<\/strong>. Het bevat &#8216;soft focus&#8217; pigmenten die een gladmakend effect cre\u00ebren, waardoor je huid licht, fris en stralend blijft. Het cre\u00ebert geen masker-effect en dankzij de natuurlijke oli\u00ebn en extracten verzorgt het ook de huid.<\/p>\n<p>Ontdek hoe aangenaam dagelijkse make-up kan zijn. Met de PERFECT DROP foundation in <strong>3 tinten: lichte Vanilla, medium Light Ivory en donkere Honey<\/strong>, vind je de kleur die perfect bij jouw huid past.<\/p>\n<div style=\"text-align: center;\"><img decoding=\"async\" style=\"margin-top: 16px; margin-bottom: 16px; float: none;\" src=\"https:\/\/cdn.shopify.com\/s\/files\/1\/0904\/2300\/1423\/files\/Perfect_Drop_2_800x450_1.png\" \/><\/div>\n<h2>De ideale foundation zonder masker-effect \u2013 fluid PERFECT DROP<\/h2>\n<p>Make-up zonder masker-effect? De PERFECT DROP foundation garandeert een natuurlijke look voor elke dag en speciale gelegenheden. Voel hoe PERFECT DROP perfect over je huid verspreidt! <strong>De foundation is licht, versmelt perfect met de huid en zorgt voor een gladmakend effect dankzij de &#8216;soft focus&#8217; pigmenten.<\/strong> Het zorgt ervoor dat je make-up een frisse uitstraling krijgt en al je beste eigenschappen worden benadrukt.<\/p>\n<h2>Make-up met een natuurlijke en frisse finish \u2013 foundation PERFECT DROP<\/h2>\n<p>Met de PERFECT DROP foundation zorg je niet alleen voor <strong>gladheid en een matterend effect,<\/strong> maar ook voor een natuurlijke en indrukwekkende make-up. Dankzij de oli\u00ebn en extracten, zoals <strong>zonnebloemzaadolie en rozemarijnbladextract<\/strong>, maakt de foundation de huid perfect glad en beschermt het tegen overmatig vochtverlies en vrije radicalen. De met silica verrijkte formule zorgt voor een perfecte, matte finish en zijdezachte gladheid. Ontdek geweldige make-up met een natuurlijke en frisse finish met de PERFECT DROP foundation voor elke dag en speciale gelegenheden!<\/p>\n<p style=\"text-align: center;\"><video controls=\"controls\" width=\"460\" height=\"640\"> <\/video><\/p>\n<p><strong>Nieuwe verpakking met pomp, nieuwe lichte kleur, ongewijzigde formule.<\/strong><\/p>\n","protected":false},"excerpt":{"rendered":"<p>De PERFECT DROP foundation biedt een natuurlijke finish zonder masker-effect. Verkrijgbaar in drie tinten, past perfect bij de huid en verzorgt deze met natuurlijke oli\u00ebn en extracten.<\/p>\n","protected":false},"featured_media":138369,"comment_status":"open","ping_status":"closed","template":"","meta":{"_eb_attr":"","_uag_custom_page_level_css":"","_eb_data_table":"","site-sidebar-layout":"default","site-content-layout":"","ast-site-content-layout":"default","site-content-style":"default","site-sidebar-style":"default","ast-global-header-display":"","ast-banner-title-visibility":"","ast-main-header-display":"","ast-hfb-above-header-display":"","ast-hfb-below-header-display":"","ast-hfb-mobile-header-display":"","site-post-title":"","ast-breadcrumbs-content":"","ast-featured-img":"","footer-sml-layout":"","ast-disable-related-posts":"","theme-transparent-header-meta":"default","adv-header-id-meta":"","stick-header-meta":"","header-above-stick-meta":"","header-main-stick-meta":"","header-below-stick-meta":"","astra-migrate-meta-layouts":"default","ast-page-background-enabled":"default","ast-page-background-meta":{"desktop":{"background-color":"var(--ast-global-color-5)","background-image":"","background-repeat":"repeat","background-position":"center center","background-size":"auto","background-attachment":"scroll","background-type":"","background-media":"","overlay-type":"","overlay-color":"","overlay-opacity":"","overlay-gradient":""},"tablet":{"background-color":"","background-image":"","background-repeat":"repeat","background-position":"center center","background-size":"auto","background-attachment":"scroll","background-type":"","background-media":"","overlay-type":"","overlay-color":"","overlay-opacity":"","overlay-gradient":""},"mobile":{"background-color":"","background-image":"","background-repeat":"repeat","background-position":"center center","background-size":"auto","background-attachment":"scroll","background-type":"","background-media":"","overlay-type":"","overlay-color":"","overlay-opacity":"","overlay-gradient":""}},"ast-content-background-meta":{"desktop":{"background-color":"var(--ast-global-color-4)","background-image":"","background-repeat":"repeat","background-position":"center center","background-size":"auto","background-attachment":"scroll","background-type":"","background-media":"","overlay-type":"","overlay-color":"","overlay-opacity":"","overlay-gradient":""},"tablet":{"background-color":"var(--ast-global-color-4)","background-image":"","background-repeat":"repeat","background-position":"center center","background-size":"auto","background-attachment":"scroll","background-type":"","background-media":"","overlay-type":"","overlay-color":"","overlay-opacity":"","overlay-gradient":""},"mobile":{"background-color":"var(--ast-global-color-4)","background-image":"","background-repeat":"repeat","background-position":"center center","background-size":"auto","background-attachment":"scroll","background-type":"","background-media":"","overlay-type":"","overlay-color":"","overlay-opacity":"","overlay-gradient":""}}},"product_brand":[],"product_cat":[187,536,577],"product_tag":[],"class_list":{"0":"post-138483","1":"product","2":"type-product","3":"status-publish","4":"has-post-thumbnail","6":"product_cat-nailed-store-nl","7":"product_cat-schoonheid","8":"product_cat-swederm-schoonheid","9":"desktop-align-left","10":"tablet-align-left","11":"mobile-align-left","13":"first","14":"instock","15":"taxable","16":"shipping-taxable","17":"purchasable","18":"product-type-simple"},"spectra_custom_meta":{"_thumbnail_id":["138369"],"_regular_price":["34"],"_price":["34"],"_sku":["swederm-perfect-drop-fluid"],"_stock_status":["instock"],"_manage_stock":["no"],"_virtual":["no"],"_downloadable":["no"],"_tax_status":["taxable"],"rank_math_title":["PERFECT DROP - Fluid zonder masker-effect"],"rank_math_description":["De PERFECT DROP foundation biedt een natuurlijke finish zonder masker-effect. Verkrijgbaar in drie tinten."],"_wpml_word_count":["346"],"_wp_old_slug":["perfect-drop-fluid"],"_wp_old_date":["2026-03-27"],"_wpml_media_has_media":["1"],"_wcml_average_rating":[null],"_wcml_review_count":[null],"_wcml_rating_count":[null],"total_sales":["0"],"_tax_class":[""],"_backorders":["no"],"_sold_individually":["no"],"_download_limit":["-1"],"_download_expiry":["-1"],"_stock":[null],"_wc_average_rating":[0],"_wc_review_count":["0"],"_product_version":["10.6.1"],"_wpml_media_duplicate":["1"],"_wpml_media_featured":["1"],"site-sidebar-layout":["default"],"theme-transparent-header-meta":["default"],"ast-site-content-layout":["default"],"site-content-style":["default"],"site-sidebar-style":["default"],"_edit_last":["1345"],"_eb_reusable_block_ids":["a:0:{}"],"_uag_css_file_name":["uag-css-138483.css"],"_uag_page_assets":["a:9:{s:3:\"css\";s:263:\".uag-blocks-common-selector{z-index:var(--z-index-desktop) !important}@media (max-width: 976px){.uag-blocks-common-selector{z-index:var(--z-index-tablet) !important}}@media (max-width: 767px){.uag-blocks-common-selector{z-index:var(--z-index-mobile) !important}}\n\";s:2:\"js\";s:0:\"\";s:18:\"current_block_list\";a:2:{i:0;s:22:\"wpml\/language-switcher\";i:1;s:14:\"core\/shortcode\";}s:8:\"uag_flag\";b:0;s:11:\"uag_version\";s:10:\"1776293836\";s:6:\"gfonts\";a:0:{}s:10:\"gfonts_url\";s:0:\"\";s:12:\"gfonts_files\";a:0:{}s:14:\"uag_faq_layout\";b:0;}"],"_max_variation_price":[""],"_max_variation_regular_price":[""],"_max_variation_sale_price":[""],"_min_variation_price":[""],"_min_variation_regular_price":[""],"_min_variation_sale_price":[""],"_sale_price":[""],"_wc_rating_count":[""]},"uagb_featured_image_src":{"full":["https:\/\/nailedstore.nl\/wp-content\/uploads\/2026\/03\/perfectdrop_packshot.jpg",900,1200,false],"thumbnail":["https:\/\/nailedstore.nl\/wp-content\/uploads\/2026\/03\/perfectdrop_packshot-150x150.jpg",150,150,true],"medium":["https:\/\/nailedstore.nl\/wp-content\/uploads\/2026\/03\/perfectdrop_packshot-225x300.jpg",225,300,true],"medium_large":["https:\/\/nailedstore.nl\/wp-content\/uploads\/2026\/03\/perfectdrop_packshot-768x1024.jpg",768,1024,true],"large":["https:\/\/nailedstore.nl\/wp-content\/uploads\/2026\/03\/perfectdrop_packshot-768x1024.jpg",768,1024,true],"1536x1536":["https:\/\/nailedstore.nl\/wp-content\/uploads\/2026\/03\/perfectdrop_packshot.jpg",900,1200,false],"2048x2048":["https:\/\/nailedstore.nl\/wp-content\/uploads\/2026\/03\/perfectdrop_packshot.jpg",900,1200,false],"woocommerce_thumbnail":["https:\/\/nailedstore.nl\/wp-content\/uploads\/2026\/03\/perfectdrop_packshot-300x300.jpg",300,300,true],"woocommerce_single":["https:\/\/nailedstore.nl\/wp-content\/uploads\/2026\/03\/perfectdrop_packshot-600x800.jpg",600,800,true],"woocommerce_gallery_thumbnail":["https:\/\/nailedstore.nl\/wp-content\/uploads\/2026\/03\/perfectdrop_packshot-100x100.jpg",100,100,true],"dgwt-wcas-product-suggestion":["https:\/\/nailedstore.nl\/wp-content\/uploads\/2026\/03\/perfectdrop_packshot-64x85.jpg",64,85,true]},"uagb_author_info":{"display_name":"Kasia","author_link":"https:\/\/nailedstore.nl\/nl\/author\/"},"uagb_comment_info":0,"uagb_excerpt":"De PERFECT DROP foundation biedt een natuurlijke finish zonder masker-effect. Verkrijgbaar in drie tinten, past perfect bij de huid en verzorgt deze met natuurlijke oli\u00ebn en extracten.","_links":{"self":[{"href":"https:\/\/nailedstore.nl\/nl\/wp-json\/wp\/v2\/product\/138483","targetHints":{"allow":["GET"]}}],"collection":[{"href":"https:\/\/nailedstore.nl\/nl\/wp-json\/wp\/v2\/product"}],"about":[{"href":"https:\/\/nailedstore.nl\/nl\/wp-json\/wp\/v2\/types\/product"}],"replies":[{"embeddable":true,"href":"https:\/\/nailedstore.nl\/nl\/wp-json\/wp\/v2\/comments?post=138483"}],"wp:featuredmedia":[{"embeddable":true,"href":"https:\/\/nailedstore.nl\/nl\/wp-json\/wp\/v2\/media\/138369"}],"wp:attachment":[{"href":"https:\/\/nailedstore.nl\/nl\/wp-json\/wp\/v2\/media?parent=138483"}],"wp:term":[{"taxonomy":"product_brand","embeddable":true,"href":"https:\/\/nailedstore.nl\/nl\/wp-json\/wp\/v2\/product_brand?post=138483"},{"taxonomy":"product_cat","embeddable":true,"href":"https:\/\/nailedstore.nl\/nl\/wp-json\/wp\/v2\/product_cat?post=138483"},{"taxonomy":"product_tag","embeddable":true,"href":"https:\/\/nailedstore.nl\/nl\/wp-json\/wp\/v2\/product_tag?post=138483"}],"curies":[{"name":"wp","href":"https:\/\/api.w.org\/{rel}","templated":true}]}}