{"id":138485,"date":"2026-03-23T13:59:39","date_gmt":"2026-03-23T12:59:39","guid":{"rendered":"https:\/\/nailedstore.nl\/?post_type=product&#038;p=138485"},"modified":"2026-04-01T13:18:10","modified_gmt":"2026-04-01T11:18:10","slug":"face-toner-gezichtstonic","status":"publish","type":"product","link":"https:\/\/nailedstore.nl\/nl\/produkt\/face-toner-gezichtstonic\/","title":{"rendered":"FACE TONER &#8211; GEZICHTSTONIC"},"content":{"rendered":"<h2>Kalmerende gezichtstonic \u2013 Swederm FACE TONER<\/h2>\n<p>FACE TONER is een hydraterende en <strong>kalmerende gezichtstonic<\/strong> met een biologische samenstelling, die de fysiologische pH-waarde van de huid herstelt. <strong>Biologische tonic met verstuiver<\/strong> van <strong>Swederm<\/strong> voor dagelijkse verzorging en reiniging van elk huidtype, werkt ontstekingsremmend en kalmerend op roodheid en huidirritatie dankzij de aanwezigheid van <strong>alo\u00eb vera pulp<\/strong> en <strong>extract van kamillebloemen en lavendel<\/strong>.<\/p>\n<p>Kamille en lavendel zorgen ervoor dat de <strong>tonic met verstuiver Swederm FACE TONER<\/strong> sterk <strong>antibacterieel<\/strong> werkt. Het ondersteunt ook het regeneratieproces van irritaties, reinigt en hydrateert de gezichtshuid perfect. De handige <strong>verstuiver<\/strong> is een stap richting het behoud van alle hygi\u00ebneregels en biedt de mogelijkheid om het gezicht te tonifi\u00ebren zonder de beschermende barri\u00e8re te verstoren door het gebruik van wattenschijfjes. Je hoeft alleen maar je make-upvrije gezicht te besproeien met de <strong>zachte verfrissende mist Swederm FACE TONER<\/strong> om een uitzonderlijke verfrissing en hydratatie te voelen!<\/p>\n<h2>Tonic met verstuiver vol antioxidanten \u2013 Swederm FACE TONER<\/h2>\n<p><strong>Kalmerende gezichtstonic Swederm FACE TONER<\/strong> ondersteunt de huid bij het behouden van optimale hydratatie dankzij de toevoeging van <strong>tarwekiemolie<\/strong>, <strong>hyaluronzuur<\/strong> en <strong>glycerine<\/strong>. Tarwekiemolie bevat veel heilzame <strong>vitamine E<\/strong> voor je huid, die sterk anti-aging en verstevigend werkt. Glycerine verzacht irritaties en versnelt de regeneratie van beschadigde huid.<\/p>\n<p>De unieke formule van de <strong>tonic met verstuiver van Swederm<\/strong> is ook rijk aan <strong>plantenextracten<\/strong> vol <strong>antioxidanten<\/strong>, die je huid beschermen tegen de schadelijke effecten van vrije radicalen. <strong>Extracten van olijfvruchten<\/strong> en <strong>goudsbloem<\/strong> voeden de huid, hydrateren langdurig, verminderen rimpels en vormen een beschermende barri\u00e8re tegen bacteri\u00ebn en UV-straling.<\/p>\n<p>Bijzonder opmerkelijk is het <strong>extract van sinaasappelschil<\/strong>, dat <strong>de bloedvaten versterkt en elastisch maakt<\/strong>, zwellingen vermindert, de delicate oogcontour verzorgt en verlichting biedt aan de gevoelige huid. Dankzij dit ingredi\u00ebnt heeft de <strong>kalmerende gezichtstonic Swederm FACE TONER<\/strong> antiseptische, samentrekkende eigenschappen en verkleint het de pori\u00ebn.<\/p>\n<h2>WAAROM EEN GEZICHTSTONIC GEBRUIKEN?<\/h2>\n<p>Na elk contact van de gezichtshuid met water verliest het zijn natuurlijke pH. Dit leidt tot een verhoogd risico op irritaties en bacteri\u00eble infecties, wat resulteert in puistjes of acne-achtige veranderingen. De belangrijkste taak van de tonic is dus het herstellen van de juiste pH-waarde van de huid.<\/p>\n<p><strong>De tonic vervult ook andere functies:<\/strong><\/p>\n<p>&#8211; helpt de huid om actieve ingredi\u00ebnten uit aangebrachte cosmetica beter op te nemen,<\/p>\n<p>&#8211; verzacht irritaties en roodheid,<\/p>\n<p>&#8211; verfrist de huid.<\/p>\n<p>Laat de tonic na het aanbrengen op de huid intrekken, niet afspoelen.<\/p>\n","protected":false},"excerpt":{"rendered":"<p>FACE TONER is een kalmerende gezichtstonic met biologische samenstelling, die de huidregeneratie ondersteunt. Bevat alo\u00eb, kamille en lavendel voor perfecte hydratatie.<\/p>\n","protected":false},"featured_media":138325,"comment_status":"open","ping_status":"closed","template":"","meta":{"_eb_attr":"","_uag_custom_page_level_css":"","_eb_data_table":"","site-sidebar-layout":"default","site-content-layout":"","ast-site-content-layout":"default","site-content-style":"default","site-sidebar-style":"default","ast-global-header-display":"","ast-banner-title-visibility":"","ast-main-header-display":"","ast-hfb-above-header-display":"","ast-hfb-below-header-display":"","ast-hfb-mobile-header-display":"","site-post-title":"","ast-breadcrumbs-content":"","ast-featured-img":"","footer-sml-layout":"","ast-disable-related-posts":"","theme-transparent-header-meta":"","adv-header-id-meta":"","stick-header-meta":"","header-above-stick-meta":"","header-main-stick-meta":"","header-below-stick-meta":"","astra-migrate-meta-layouts":"default","ast-page-background-enabled":"default","ast-page-background-meta":{"desktop":{"background-color":"var(--ast-global-color-5)","background-image":"","background-repeat":"repeat","background-position":"center center","background-size":"auto","background-attachment":"scroll","background-type":"","background-media":"","overlay-type":"","overlay-color":"","overlay-opacity":"","overlay-gradient":""},"tablet":{"background-color":"","background-image":"","background-repeat":"repeat","background-position":"center center","background-size":"auto","background-attachment":"scroll","background-type":"","background-media":"","overlay-type":"","overlay-color":"","overlay-opacity":"","overlay-gradient":""},"mobile":{"background-color":"","background-image":"","background-repeat":"repeat","background-position":"center center","background-size":"auto","background-attachment":"scroll","background-type":"","background-media":"","overlay-type":"","overlay-color":"","overlay-opacity":"","overlay-gradient":""}},"ast-content-background-meta":{"desktop":{"background-color":"var(--ast-global-color-4)","background-image":"","background-repeat":"repeat","background-position":"center center","background-size":"auto","background-attachment":"scroll","background-type":"","background-media":"","overlay-type":"","overlay-color":"","overlay-opacity":"","overlay-gradient":""},"tablet":{"background-color":"var(--ast-global-color-4)","background-image":"","background-repeat":"repeat","background-position":"center center","background-size":"auto","background-attachment":"scroll","background-type":"","background-media":"","overlay-type":"","overlay-color":"","overlay-opacity":"","overlay-gradient":""},"mobile":{"background-color":"var(--ast-global-color-4)","background-image":"","background-repeat":"repeat","background-position":"center center","background-size":"auto","background-attachment":"scroll","background-type":"","background-media":"","overlay-type":"","overlay-color":"","overlay-opacity":"","overlay-gradient":""}}},"product_brand":[],"product_cat":[187,536,577],"product_tag":[],"class_list":{"0":"post-138485","1":"product","2":"type-product","3":"status-publish","4":"has-post-thumbnail","6":"product_cat-nailed-store-nl","7":"product_cat-schoonheid","8":"product_cat-swederm-schoonheid","9":"desktop-align-left","10":"tablet-align-left","11":"mobile-align-left","13":"first","14":"instock","15":"taxable","16":"shipping-taxable","17":"purchasable","18":"product-type-simple"},"spectra_custom_meta":{"_thumbnail_id":["138325"],"_regular_price":["18"],"_price":["18"],"_sku":["swederm-face-toner-tonik-do-twarzy"],"_stock":["2.000000"],"_stock_status":["instock"],"_manage_stock":["yes"],"_virtual":["no"],"_downloadable":["no"],"_tax_status":["taxable"],"rank_math_title":["FACE TONER - Kalmerende gezichtstonic"],"rank_math_description":["Biologische gezichtstonic met alo\u00eb en lavendel, herstelt de pH van de huid. Ideaal voor dagelijkse verzorging."],"_wpml_word_count":["510"],"_wp_old_date":["2026-03-27"],"_wcml_average_rating":[null],"_wcml_review_count":[null],"_wcml_rating_count":[null],"total_sales":["0"],"_tax_class":[""],"_backorders":["no"],"_sold_individually":["no"],"_download_limit":["-1"],"_download_expiry":["-1"],"_wc_average_rating":[0],"_wc_review_count":["0"],"_product_version":["10.6.1"],"_edit_last":["1345"],"_eb_reusable_block_ids":["a:0:{}"],"_uag_css_file_name":["uag-css-138485.css"],"_uag_page_assets":["a:9:{s:3:\"css\";s:263:\".uag-blocks-common-selector{z-index:var(--z-index-desktop) !important}@media (max-width: 976px){.uag-blocks-common-selector{z-index:var(--z-index-tablet) !important}}@media (max-width: 767px){.uag-blocks-common-selector{z-index:var(--z-index-mobile) !important}}\n\";s:2:\"js\";s:0:\"\";s:18:\"current_block_list\";a:2:{i:0;s:22:\"wpml\/language-switcher\";i:1;s:14:\"core\/shortcode\";}s:8:\"uag_flag\";b:0;s:11:\"uag_version\";s:10:\"1776293836\";s:6:\"gfonts\";a:0:{}s:10:\"gfonts_url\";s:0:\"\";s:12:\"gfonts_files\";a:0:{}s:14:\"uag_faq_layout\";b:0;}"],"_max_variation_price":[""],"_max_variation_regular_price":[""],"_max_variation_sale_price":[""],"_min_variation_price":[""],"_min_variation_regular_price":[""],"_min_variation_sale_price":[""],"_sale_price":[""],"_wc_rating_count":[""]},"uagb_featured_image_src":{"full":["https:\/\/nailedstore.nl\/wp-content\/uploads\/2026\/03\/53090468-9e36-470f-8690-aeb0c6c2edb9.jpg",1500,2000,false],"thumbnail":["https:\/\/nailedstore.nl\/wp-content\/uploads\/2026\/03\/53090468-9e36-470f-8690-aeb0c6c2edb9-150x150.jpg",150,150,true],"medium":["https:\/\/nailedstore.nl\/wp-content\/uploads\/2026\/03\/53090468-9e36-470f-8690-aeb0c6c2edb9-225x300.jpg",225,300,true],"medium_large":["https:\/\/nailedstore.nl\/wp-content\/uploads\/2026\/03\/53090468-9e36-470f-8690-aeb0c6c2edb9-768x1024.jpg",768,1024,true],"large":["https:\/\/nailedstore.nl\/wp-content\/uploads\/2026\/03\/53090468-9e36-470f-8690-aeb0c6c2edb9-768x1024.jpg",768,1024,true],"1536x1536":["https:\/\/nailedstore.nl\/wp-content\/uploads\/2026\/03\/53090468-9e36-470f-8690-aeb0c6c2edb9-1152x1536.jpg",1152,1536,true],"2048x2048":["https:\/\/nailedstore.nl\/wp-content\/uploads\/2026\/03\/53090468-9e36-470f-8690-aeb0c6c2edb9.jpg",1500,2000,false],"woocommerce_thumbnail":["https:\/\/nailedstore.nl\/wp-content\/uploads\/2026\/03\/53090468-9e36-470f-8690-aeb0c6c2edb9-300x300.jpg",300,300,true],"woocommerce_single":["https:\/\/nailedstore.nl\/wp-content\/uploads\/2026\/03\/53090468-9e36-470f-8690-aeb0c6c2edb9-600x800.jpg",600,800,true],"woocommerce_gallery_thumbnail":["https:\/\/nailedstore.nl\/wp-content\/uploads\/2026\/03\/53090468-9e36-470f-8690-aeb0c6c2edb9-100x100.jpg",100,100,true],"dgwt-wcas-product-suggestion":["https:\/\/nailedstore.nl\/wp-content\/uploads\/2026\/03\/53090468-9e36-470f-8690-aeb0c6c2edb9-64x85.jpg",64,85,true]},"uagb_author_info":{"display_name":"Kasia","author_link":"https:\/\/nailedstore.nl\/nl\/author\/"},"uagb_comment_info":0,"uagb_excerpt":"FACE TONER is een kalmerende gezichtstonic met biologische samenstelling, die de huidregeneratie ondersteunt. Bevat alo\u00eb, kamille en lavendel voor perfecte hydratatie.","_links":{"self":[{"href":"https:\/\/nailedstore.nl\/nl\/wp-json\/wp\/v2\/product\/138485","targetHints":{"allow":["GET"]}}],"collection":[{"href":"https:\/\/nailedstore.nl\/nl\/wp-json\/wp\/v2\/product"}],"about":[{"href":"https:\/\/nailedstore.nl\/nl\/wp-json\/wp\/v2\/types\/product"}],"replies":[{"embeddable":true,"href":"https:\/\/nailedstore.nl\/nl\/wp-json\/wp\/v2\/comments?post=138485"}],"wp:featuredmedia":[{"embeddable":true,"href":"https:\/\/nailedstore.nl\/nl\/wp-json\/wp\/v2\/media\/138325"}],"wp:attachment":[{"href":"https:\/\/nailedstore.nl\/nl\/wp-json\/wp\/v2\/media?parent=138485"}],"wp:term":[{"taxonomy":"product_brand","embeddable":true,"href":"https:\/\/nailedstore.nl\/nl\/wp-json\/wp\/v2\/product_brand?post=138485"},{"taxonomy":"product_cat","embeddable":true,"href":"https:\/\/nailedstore.nl\/nl\/wp-json\/wp\/v2\/product_cat?post=138485"},{"taxonomy":"product_tag","embeddable":true,"href":"https:\/\/nailedstore.nl\/nl\/wp-json\/wp\/v2\/product_tag?post=138485"}],"curies":[{"name":"wp","href":"https:\/\/api.w.org\/{rel}","templated":true}]}}