{"id":138522,"date":"2026-03-13T02:13:06","date_gmt":"2026-03-13T01:13:06","guid":{"rendered":"https:\/\/nailedstore.nl\/?post_type=product&#038;p=138522"},"modified":"2026-04-01T13:18:05","modified_gmt":"2026-04-01T11:18:05","slug":"gelgo-pink-pie-gg05-bouwgel-15ml","status":"publish","type":"product","link":"https:\/\/nailedstore.nl\/nl\/produkt\/gelgo-pink-pie-gg05-bouwgel-15ml\/","title":{"rendered":"Gel&#038;Go Pink Pie GG05 &#8211; bouwgel 15 ml"},"content":{"rendered":"<div class=\"longdescription__tabs\">\n<div class=\"longdescription__tabs__content\">\n<div class=\"longdescription__tab__content --description --active\" data-name=\"Opis i zastosowanie\">\n<h2><strong>Gel&#038;Go \u2013 Roze bouwgel voor snelle salonwerkzaamheden<\/strong><\/h2>\n<p><strong>Gel&#038;Go Makear<\/strong> is een multifunctionele gel ontworpen om het werk van de styliste te versnellen \u2013 ideaal voor verlengingen op sjablonen, opvullingen en versterking van de natuurlijke nagelplaat. Geschikt voor zowel professionele salons als beginners.<\/p>\n<p>Dankzij de dikke consistentie en zelfnivellerende eigenschappen kan de gel nauwkeurig worden aangebracht zonder de nagelriemen te overlopen, wat de effici\u00ebntie van het werk verhoogt. Het is hard, bestand tegen beschadigingen en biedt volledige dekking \u2013 perfect als basis voor een French manicure of als afwerking zonder kleur.<\/p>\n<\/p><\/div>\n<div class=\"longdescription__tab__content --use\" data-name=\"Dlaczego warto wybra\u0107 Gel&#038;Go?\">\n<ul>\n<li>Dikke consistentie \u2013 eenvoudige en stabiele applicatie<\/li>\n<li>Zelfnivellerend \u2013 verbetert de vloeiendheid van het werk<\/li>\n<li>Hard en bestand tegen beschadigingen<\/li>\n<li>Veroorzaakt geen branderigheid in de lamp<\/li>\n<li>100% dekking \u2013 ideaal voor kleurloze styling<\/li>\n<li>Zacht bij het vijlen<\/li>\n<\/ul><\/div>\n<div class=\"longdescription__tab__content --use\" data-name=\"Zastosowanie\">\n<ul>\n<li>Nagelverlenging op sjablonen<\/li>\n<li>Opvullingen<\/li>\n<li>Versterking van de natuurlijke nagelplaat<\/li>\n<\/ul><\/div>\n<div class=\"longdescription__tab__content --use\" data-name=\"Parametry produktu\">\n<ul>\n<li><strong>Type:<\/strong> driefasen bouwgel<\/li>\n<li><strong>Consistentie:<\/strong> middelmatig dik<\/li>\n<li><strong>Dekking:<\/strong> 100%<\/li>\n<li><strong>Zelfnivellerend:<\/strong> ja<\/li>\n<li><strong>Hardheid:<\/strong> gemiddeld<\/li>\n<li><strong>Flexibiliteit:<\/strong> laag<\/li>\n<li><strong>Vereist basislaag:<\/strong> ja<\/li>\n<li><strong>Dispersielaag:<\/strong> ja<\/li>\n<li><strong>Geur:<\/strong> geurloos<\/li>\n<li><strong>Uithardingstijd:<\/strong> LED min. 48W \u2013 60\u202fsec<\/li>\n<\/ul><\/div>\n<div class=\"longdescription__tab__content --use\" data-name=\"Spos\u00f3b u\u017cycia\">\n<ol>\n<li>Mat maken, reinigen en ontvetten van de natuurlijke nagelplaat.<\/li>\n<li>Breng <a href=\"https:\/\/makear.pl\/pl\/products\/dehydrator-15ml-1115.html\" target=\"_blank\" rel=\"nofollow noopener\"><strong>Dehydrator Makear<\/strong><\/a> aan, gevolgd door <a href=\"https:\/\/makear.pl\/pl\/products\/primer-non-acid-15ml-989.html\" target=\"_blank\" rel=\"nofollow noopener\"><strong>Primer Non\u2011Acid<\/strong><\/a> of <a href=\"https:\/\/makear.pl\/pl\/products\/primer-acid-15ml-1116.html\" target=\"_blank\" rel=\"nofollow noopener\"><strong>Primer Acid<\/strong><\/a>.<\/li>\n<li>Breng <a href=\"https:\/\/makear.pl\/pl\/products\/kera-base-wzmacniajaca-baza-keratynowa-hemafree-1238.html\" target=\"_blank\" rel=\"nofollow noopener\"><strong>Kera Base<\/strong><\/a> aan en hard uit in een LED\/UV lamp van 48W gedurende 60\u202fsec.<\/li>\n<li>Pas de vorm aan en knip deze bij aan de vrije rand.<\/li>\n<li>Breng een dunne laag gel aan \u2013 cre\u00eber een skelet en hard uit gedurende 15\u201330\u202fsec.<\/li>\n<li>Breng een bouwlaag aan, vorm de apex en C-curve \u2013 hard uit gedurende 120\u202fsec.<\/li>\n<li>Reinig de dispersielaag met cleaner en geef vorm met een vijl.<\/li>\n<li>Werk de styling af met een topcoat \u2013 bijv. <a href=\"https:\/\/makear.pl\/pl\/products\/top-no-wipe-hard-glass-8ml-964.html\" target=\"_blank\" rel=\"nofollow noopener\"><strong>Top No Wipe Hard Glass<\/strong><\/a>.<\/li>\n<\/ol><\/div>\n<div class=\"longdescription__tab__content --use\" data-name=\"Sk\u0142ad\">\n<p>Acrylates Copolymer, Hydroxypropyl Methacrylate, Silica Dimethyl Silylate, Ethyl Trimethylbenzoyl Phenylphosphinate<br \/> Kan Bevatten (\u00b1): CI\u00a077499, CI\u00a073360, CI\u00a077891, CI\u00a047000, CI\u00a042090<\/p>\n<\/p><\/div>\n<div class=\"longdescription__tab__content --use\" data-name=\"\u015arodki ostro\u017cno\u015bci\">\n<p>Uitsluitend voor professioneel gebruik. Vermijd contact met huid en ogen. Kan een allergische reactie veroorzaken. Stop het gebruik bij irritatie. Buiten bereik van kinderen houden.<\/p>\n<\/p><\/div>\n<\/p><\/div>\n<\/p><\/div>\n","protected":false},"excerpt":{"rendered":"<p>Gel&#038;Go Pink Pie GG05 is een roze bouwgel voor snelle salonwerkzaamheden. Dankzij de dikke consistentie en zelfnivellerende eigenschappen biedt het nauwkeurige applicatie zonder overlopen.<\/p>\n","protected":false},"featured_media":137153,"comment_status":"open","ping_status":"closed","template":"","meta":{"_eb_attr":"","_uag_custom_page_level_css":"","_eb_data_table":"","site-sidebar-layout":"default","site-content-layout":"","ast-site-content-layout":"default","site-content-style":"default","site-sidebar-style":"default","ast-global-header-display":"","ast-banner-title-visibility":"","ast-main-header-display":"","ast-hfb-above-header-display":"","ast-hfb-below-header-display":"","ast-hfb-mobile-header-display":"","site-post-title":"","ast-breadcrumbs-content":"","ast-featured-img":"","footer-sml-layout":"","ast-disable-related-posts":"","theme-transparent-header-meta":"","adv-header-id-meta":"","stick-header-meta":"","header-above-stick-meta":"","header-main-stick-meta":"","header-below-stick-meta":"","astra-migrate-meta-layouts":"default","ast-page-background-enabled":"default","ast-page-background-meta":{"desktop":{"background-color":"var(--ast-global-color-5)","background-image":"","background-repeat":"repeat","background-position":"center center","background-size":"auto","background-attachment":"scroll","background-type":"","background-media":"","overlay-type":"","overlay-color":"","overlay-opacity":"","overlay-gradient":""},"tablet":{"background-color":"","background-image":"","background-repeat":"repeat","background-position":"center center","background-size":"auto","background-attachment":"scroll","background-type":"","background-media":"","overlay-type":"","overlay-color":"","overlay-opacity":"","overlay-gradient":""},"mobile":{"background-color":"","background-image":"","background-repeat":"repeat","background-position":"center center","background-size":"auto","background-attachment":"scroll","background-type":"","background-media":"","overlay-type":"","overlay-color":"","overlay-opacity":"","overlay-gradient":""}},"ast-content-background-meta":{"desktop":{"background-color":"var(--ast-global-color-4)","background-image":"","background-repeat":"repeat","background-position":"center center","background-size":"auto","background-attachment":"scroll","background-type":"","background-media":"","overlay-type":"","overlay-color":"","overlay-opacity":"","overlay-gradient":""},"tablet":{"background-color":"var(--ast-global-color-4)","background-image":"","background-repeat":"repeat","background-position":"center center","background-size":"auto","background-attachment":"scroll","background-type":"","background-media":"","overlay-type":"","overlay-color":"","overlay-opacity":"","overlay-gradient":""},"mobile":{"background-color":"var(--ast-global-color-4)","background-image":"","background-repeat":"repeat","background-position":"center center","background-size":"auto","background-attachment":"scroll","background-type":"","background-media":"","overlay-type":"","overlay-color":"","overlay-opacity":"","overlay-gradient":""}}},"product_brand":[],"product_cat":[545,554,551,553,562,187],"product_tag":[],"class_list":{"0":"post-138522","1":"product","2":"type-product","3":"status-publish","4":"has-post-thumbnail","6":"product_cat-gel-go","7":"product_cat-gelmethode","8":"product_cat-makear","9":"product_cat-merken","10":"product_cat-nagels","11":"product_cat-nailed-store-nl","12":"desktop-align-left","13":"tablet-align-left","14":"mobile-align-left","16":"first","17":"instock","18":"taxable","19":"shipping-taxable","20":"purchasable","21":"product-type-simple"},"spectra_custom_meta":{"_thumbnail_id":["137153"],"_regular_price":["9.99"],"_price":["9.99"],"_sku":["5906849071896"],"_stock":["3.000000"],"_stock_status":["instock"],"_manage_stock":["yes"],"_virtual":["no"],"_downloadable":["no"],"_tax_status":["taxable"],"rank_math_title":["Gel&Go Pink Pie GG05 - bouwgel 15 ml"],"rank_math_description":["Ontdek Gel&Go Pink Pie GG05 - bouwgel zonder branderigheid in de lamp, ideaal voor salons en thuisgebruik."],"_wpml_word_count":["398"],"_wp_old_date":["2026-03-27"],"_wcml_average_rating":[null],"_wcml_review_count":[null],"_wcml_rating_count":[null],"total_sales":["0"],"_tax_class":[""],"_backorders":["no"],"_sold_individually":["no"],"_download_limit":["-1"],"_download_expiry":["-1"],"_wc_average_rating":[0],"_wc_review_count":["0"],"_product_version":["10.6.1"],"_edit_last":["1345"],"_eb_reusable_block_ids":["a:0:{}"],"_uag_css_file_name":["uag-css-138522.css"],"_uag_page_assets":["a:9:{s:3:\"css\";s:263:\".uag-blocks-common-selector{z-index:var(--z-index-desktop) !important}@media (max-width: 976px){.uag-blocks-common-selector{z-index:var(--z-index-tablet) !important}}@media (max-width: 767px){.uag-blocks-common-selector{z-index:var(--z-index-mobile) !important}}\n\";s:2:\"js\";s:0:\"\";s:18:\"current_block_list\";a:2:{i:0;s:22:\"wpml\/language-switcher\";i:1;s:14:\"core\/shortcode\";}s:8:\"uag_flag\";b:0;s:11:\"uag_version\";s:10:\"1776636151\";s:6:\"gfonts\";a:0:{}s:10:\"gfonts_url\";s:0:\"\";s:12:\"gfonts_files\";a:0:{}s:14:\"uag_faq_layout\";b:0;}"],"_max_variation_price":[""],"_max_variation_regular_price":[""],"_max_variation_sale_price":[""],"_min_variation_price":[""],"_min_variation_regular_price":[""],"_min_variation_sale_price":[""],"_sale_price":[""],"_wc_rating_count":[""]},"uagb_featured_image_src":{"full":["https:\/\/nailedstore.nl\/wp-content\/uploads\/2026\/03\/pol_po_Gel-Go-Pink-Pie-GG05-builder-gel-15-ml-SDE-1631_6.jpg",900,900,false],"thumbnail":["https:\/\/nailedstore.nl\/wp-content\/uploads\/2026\/03\/pol_po_Gel-Go-Pink-Pie-GG05-builder-gel-15-ml-SDE-1631_6-150x150.jpg",150,150,true],"medium":["https:\/\/nailedstore.nl\/wp-content\/uploads\/2026\/03\/pol_po_Gel-Go-Pink-Pie-GG05-builder-gel-15-ml-SDE-1631_6-300x300.jpg",300,300,true],"medium_large":["https:\/\/nailedstore.nl\/wp-content\/uploads\/2026\/03\/pol_po_Gel-Go-Pink-Pie-GG05-builder-gel-15-ml-SDE-1631_6-768x768.jpg",768,768,true],"large":["https:\/\/nailedstore.nl\/wp-content\/uploads\/2026\/03\/pol_po_Gel-Go-Pink-Pie-GG05-builder-gel-15-ml-SDE-1631_6.jpg",900,900,false],"1536x1536":["https:\/\/nailedstore.nl\/wp-content\/uploads\/2026\/03\/pol_po_Gel-Go-Pink-Pie-GG05-builder-gel-15-ml-SDE-1631_6.jpg",900,900,false],"2048x2048":["https:\/\/nailedstore.nl\/wp-content\/uploads\/2026\/03\/pol_po_Gel-Go-Pink-Pie-GG05-builder-gel-15-ml-SDE-1631_6.jpg",900,900,false],"woocommerce_thumbnail":["https:\/\/nailedstore.nl\/wp-content\/uploads\/2026\/03\/pol_po_Gel-Go-Pink-Pie-GG05-builder-gel-15-ml-SDE-1631_6-300x300.jpg",300,300,true],"woocommerce_single":["https:\/\/nailedstore.nl\/wp-content\/uploads\/2026\/03\/pol_po_Gel-Go-Pink-Pie-GG05-builder-gel-15-ml-SDE-1631_6-600x600.jpg",600,600,true],"woocommerce_gallery_thumbnail":["https:\/\/nailedstore.nl\/wp-content\/uploads\/2026\/03\/pol_po_Gel-Go-Pink-Pie-GG05-builder-gel-15-ml-SDE-1631_6-100x100.jpg",100,100,true],"dgwt-wcas-product-suggestion":["https:\/\/nailedstore.nl\/wp-content\/uploads\/2026\/03\/pol_po_Gel-Go-Pink-Pie-GG05-builder-gel-15-ml-SDE-1631_6-64x64.jpg",64,64,true]},"uagb_author_info":{"display_name":"Kasia","author_link":"https:\/\/nailedstore.nl\/nl\/author\/"},"uagb_comment_info":0,"uagb_excerpt":"Gel&Go Pink Pie GG05 is een roze bouwgel voor snelle salonwerkzaamheden. Dankzij de dikke consistentie en zelfnivellerende eigenschappen biedt het nauwkeurige applicatie zonder overlopen.","_links":{"self":[{"href":"https:\/\/nailedstore.nl\/nl\/wp-json\/wp\/v2\/product\/138522","targetHints":{"allow":["GET"]}}],"collection":[{"href":"https:\/\/nailedstore.nl\/nl\/wp-json\/wp\/v2\/product"}],"about":[{"href":"https:\/\/nailedstore.nl\/nl\/wp-json\/wp\/v2\/types\/product"}],"replies":[{"embeddable":true,"href":"https:\/\/nailedstore.nl\/nl\/wp-json\/wp\/v2\/comments?post=138522"}],"wp:featuredmedia":[{"embeddable":true,"href":"https:\/\/nailedstore.nl\/nl\/wp-json\/wp\/v2\/media\/137153"}],"wp:attachment":[{"href":"https:\/\/nailedstore.nl\/nl\/wp-json\/wp\/v2\/media?parent=138522"}],"wp:term":[{"taxonomy":"product_brand","embeddable":true,"href":"https:\/\/nailedstore.nl\/nl\/wp-json\/wp\/v2\/product_brand?post=138522"},{"taxonomy":"product_cat","embeddable":true,"href":"https:\/\/nailedstore.nl\/nl\/wp-json\/wp\/v2\/product_cat?post=138522"},{"taxonomy":"product_tag","embeddable":true,"href":"https:\/\/nailedstore.nl\/nl\/wp-json\/wp\/v2\/product_tag?post=138522"}],"curies":[{"name":"wp","href":"https:\/\/api.w.org\/{rel}","templated":true}]}}