{"id":138559,"date":"2026-03-13T01:43:42","date_gmt":"2026-03-13T00:43:42","guid":{"rendered":"https:\/\/nailedstore.nl\/?post_type=product&#038;p=138559"},"modified":"2026-04-01T13:18:00","modified_gmt":"2026-04-01T11:18:00","slug":"challengel-shimmer-pink-hg13-bouwgel-15ml","status":"publish","type":"product","link":"https:\/\/nailedstore.nl\/nl\/produkt\/challengel-shimmer-pink-hg13-bouwgel-15ml\/","title":{"rendered":"Challengel Shimmer Pink HG13 &#8211; bouwgel 15ml"},"content":{"rendered":"<div class=\"longdescription__tabs\">\n<div class=\"longdescription__tabs__content\">\n<div class=\"longdescription__tab__content --description --active\" data-name=\"Opis i zastosowanie\">\n<h2><strong>Challengel Shimmer Pink HG13 \u2013 roze bouwgel met glitter<\/strong><\/h2>\n<p><strong>Challengel Shimmer Pink HG13<\/strong> \u2013 daag langzame werkwijzen uit!<\/p>\n<p>Ontdek Challengel Shimmer \u2013 een bouwgel ontworpen voor stijlen die precisie en een snel werktempo vereisen. Gemaakt voor ervaren stylisten die snelle resultaten, een perfecte tunnel en een indrukwekkende afwerking waarderen. Dankzij de lichte consistentie trekt Challengel niet aan de borstel en nivelleert het snel vanzelf.<\/p>\n<\/p><\/div>\n<div class=\"longdescription__tab__content --use\" data-name=\"Dlaczego warto wybra\u0107 Challengel Shimmer Pink HG13?\">\n<ul>\n<li>Natuurlijke roze tint met iriserende glitter \u2013 subtiel effect zonder kleur<\/li>\n<li>Hoge hardheid \u2013 duurzaamheid van de styling onder alle omstandigheden<\/li>\n<li>Lichte, stabiele consistentie \u2013 maakt snelle en precieze applicatie mogelijk<\/li>\n<li>Nivelleert snel vanzelf \u2013 bespaart tijd en vergemakkelijkt modelleren<\/li>\n<li>Stabiele tunnel \u2013 knijpen na ca. 13 seconden zonder uitzetten<\/li>\n<li>Zonder HEMA<\/li>\n<\/ul><\/div>\n<div class=\"longdescription__tab__content --use\" data-name=\"Zastosowanie\">\n<ul>\n<li>Opbouw en verlenging van gelnagels<\/li>\n<li>Versterking van de natuurlijke nagelplaat<\/li>\n<li>Bijvullen van nagels<\/li>\n<li>Vullen van gaten<\/li>\n<\/ul><\/div>\n<div class=\"longdescription__tab__content --use\" data-name=\"Parametry produktu\">\n<ul>\n<li><strong>Kleur:<\/strong> Pink HG13<\/li>\n<li><strong>Effect:<\/strong> iriserende glitter<\/li>\n<li><strong>Consistentie:<\/strong> licht<\/li>\n<li><strong>Hardheid:<\/strong> hoog<\/li>\n<li><strong>Dekking:<\/strong> 60\u201370%<\/li>\n<li><strong>Tunnel knijpen:<\/strong> ja (na ca. 13 seconden)<\/li>\n<li><strong>Uithardingstijd:<\/strong> 60\u201390 seconden (UV\/LED min. 48\u202fW)<\/li>\n<li><strong>Formule:<\/strong> zonder HEMA<\/li>\n<\/ul><\/div>\n<div class=\"longdescription__tab__content --use\" data-name=\"Spos\u00f3b u\u017cycia\">\n<ol>\n<li>Mat maken, reinigen en ontvetten van de natuurlijke nagelplaat.<\/li>\n<li>Breng primer aan: <a href=\"https:\/\/makear.pl\/pl\/products\/primer-non-acid-15ml.html\" target=\"_blank\" rel=\"nofollow noopener\"><strong>Primer Non-Acid<\/strong><\/a> of <a href=\"https:\/\/makear.pl\/pl\/products\/primer-acid-15ml.html\" target=\"_blank\" rel=\"nofollow noopener\"><strong>Primer Acid<\/strong><\/a>.<\/li>\n<li>Breng <a href=\"https:\/\/makear.pl\/pl\/products\/kera-base-wzmacniajaca-baza-keratynowa-hemafree-1238.html\" target=\"_blank\" rel=\"nofollow noopener\"><strong>Kera Base<\/strong><\/a> aan en hard deze uit in een UV\/LED lamp van 48\u202fW gedurende 60 seconden.<\/li>\n<li>Pas de vorm aan de vrije rand van de nagel aan.<\/li>\n<li>Breng een dunne laag gel aan, bouw het skelet en hard uit gedurende 60 seconden.<\/li>\n<li>Breng een laag Challengel Shimmer Pink HG13 aan en bouw de juiste structuur \u2013 apex en C-curve.<\/li>\n<li>Reinig met cleaner en bewerk de vorm met een vijl.<\/li>\n<li>Werk de styling af met een topcoat of naar wens.<\/li>\n<\/ol><\/div>\n<div class=\"longdescription__tab__content --use\" data-name=\"Sk\u0142ad\">\n<p>Acrylates Copolymer, Hydroxypropyl Methacrylate, Silica Dimethyl Silylate, Ethyl Trimethylbenzoyl Phenylphosphinate, Polyethylene Terephthalate \u00b1 CI\u202f77891, CI\u202f77499, CI\u202f14700, CI\u202f47000, CI\u202f42090<\/p>\n<\/p><\/div>\n<div class=\"longdescription__tab__content --use\" data-name=\"\u015arodki ostro\u017cno\u015bci\">\n<p>Uitsluitend voor professioneel gebruik. Vermijd contact met huid en ogen. Kan een allergische reactie veroorzaken. Stop gebruik bij irritatie. Buiten bereik van kinderen bewaren.<\/p>\n<\/p><\/div>\n<\/p><\/div>\n<\/p><\/div>\n","protected":false},"excerpt":{"rendered":"<p>Challengel Shimmer Pink HG13 is een roze bouwgel met iriserende glitter, ideaal voor snelle en precieze stijlen. Perfect voor ervaren stylisten die duurzaamheid en een indrukwekkende afwerking waarderen.<\/p>\n","protected":false},"featured_media":136160,"comment_status":"open","ping_status":"closed","template":"","meta":{"_eb_attr":"","_uag_custom_page_level_css":"","_eb_data_table":"","site-sidebar-layout":"default","site-content-layout":"","ast-site-content-layout":"default","site-content-style":"default","site-sidebar-style":"default","ast-global-header-display":"","ast-banner-title-visibility":"","ast-main-header-display":"","ast-hfb-above-header-display":"","ast-hfb-below-header-display":"","ast-hfb-mobile-header-display":"","site-post-title":"","ast-breadcrumbs-content":"","ast-featured-img":"","footer-sml-layout":"","ast-disable-related-posts":"","theme-transparent-header-meta":"","adv-header-id-meta":"","stick-header-meta":"","header-above-stick-meta":"","header-main-stick-meta":"","header-below-stick-meta":"","astra-migrate-meta-layouts":"default","ast-page-background-enabled":"default","ast-page-background-meta":{"desktop":{"background-color":"var(--ast-global-color-5)","background-image":"","background-repeat":"repeat","background-position":"center center","background-size":"auto","background-attachment":"scroll","background-type":"","background-media":"","overlay-type":"","overlay-color":"","overlay-opacity":"","overlay-gradient":""},"tablet":{"background-color":"","background-image":"","background-repeat":"repeat","background-position":"center center","background-size":"auto","background-attachment":"scroll","background-type":"","background-media":"","overlay-type":"","overlay-color":"","overlay-opacity":"","overlay-gradient":""},"mobile":{"background-color":"","background-image":"","background-repeat":"repeat","background-position":"center center","background-size":"auto","background-attachment":"scroll","background-type":"","background-media":"","overlay-type":"","overlay-color":"","overlay-opacity":"","overlay-gradient":""}},"ast-content-background-meta":{"desktop":{"background-color":"var(--ast-global-color-4)","background-image":"","background-repeat":"repeat","background-position":"center center","background-size":"auto","background-attachment":"scroll","background-type":"","background-media":"","overlay-type":"","overlay-color":"","overlay-opacity":"","overlay-gradient":""},"tablet":{"background-color":"var(--ast-global-color-4)","background-image":"","background-repeat":"repeat","background-position":"center center","background-size":"auto","background-attachment":"scroll","background-type":"","background-media":"","overlay-type":"","overlay-color":"","overlay-opacity":"","overlay-gradient":""},"mobile":{"background-color":"var(--ast-global-color-4)","background-image":"","background-repeat":"repeat","background-position":"center center","background-size":"auto","background-attachment":"scroll","background-type":"","background-media":"","overlay-type":"","overlay-color":"","overlay-opacity":"","overlay-gradient":""}}},"product_brand":[],"product_cat":[545,554,551,553,562,187],"product_tag":[],"class_list":{"0":"post-138559","1":"product","2":"type-product","3":"status-publish","4":"has-post-thumbnail","6":"product_cat-gel-go","7":"product_cat-gelmethode","8":"product_cat-makear","9":"product_cat-merken","10":"product_cat-nagels","11":"product_cat-nailed-store-nl","12":"desktop-align-left","13":"tablet-align-left","14":"mobile-align-left","16":"first","17":"instock","18":"taxable","19":"shipping-taxable","20":"purchasable","21":"product-type-simple"},"spectra_custom_meta":{"_thumbnail_id":["136160"],"_regular_price":["14"],"_price":["14"],"_sku":["5906321345903"],"_stock":["1.000000"],"_stock_status":["instock"],"_manage_stock":["yes"],"_virtual":["no"],"_downloadable":["no"],"_tax_status":["taxable"],"rank_math_title":["Challengel Shimmer Pink HG13 - bouwgel"],"rank_math_description":["Challengel Shimmer Pink HG13 - roze bouwgel met iriserende glitter, ideaal voor ervaren stylisten."],"_wpml_word_count":["384"],"_wp_old_date":["2026-03-27"],"_wcml_average_rating":[null],"_wcml_review_count":[null],"_wcml_rating_count":[null],"total_sales":["0"],"_tax_class":[""],"_backorders":["no"],"_sold_individually":["no"],"_download_limit":["-1"],"_download_expiry":["-1"],"_wc_average_rating":[0],"_wc_review_count":["0"],"_product_version":["10.6.1"],"_edit_last":["1345"],"_eb_reusable_block_ids":["a:0:{}"],"_uag_css_file_name":["uag-css-138559.css"],"_uag_page_assets":["a:9:{s:3:\"css\";s:0:\"\";s:2:\"js\";s:0:\"\";s:18:\"current_block_list\";a:2:{i:0;s:22:\"wpml\/language-switcher\";i:1;s:14:\"core\/shortcode\";}s:8:\"uag_flag\";b:0;s:11:\"uag_version\";s:10:\"1776636151\";s:6:\"gfonts\";a:0:{}s:10:\"gfonts_url\";s:0:\"\";s:12:\"gfonts_files\";a:0:{}s:14:\"uag_faq_layout\";b:0;}"],"_max_variation_price":[""],"_max_variation_regular_price":[""],"_max_variation_sale_price":[""],"_min_variation_price":[""],"_min_variation_regular_price":[""],"_min_variation_sale_price":[""],"_sale_price":[""],"_wc_rating_count":[""]},"uagb_featured_image_src":{"full":["https:\/\/nailedstore.nl\/wp-content\/uploads\/2026\/03\/pol_po_Challengel-Shimmer-Pink-HG13-builder-gel-15ml-1512_1.jpg",1000,1000,false],"thumbnail":["https:\/\/nailedstore.nl\/wp-content\/uploads\/2026\/03\/pol_po_Challengel-Shimmer-Pink-HG13-builder-gel-15ml-1512_1-150x150.jpg",150,150,true],"medium":["https:\/\/nailedstore.nl\/wp-content\/uploads\/2026\/03\/pol_po_Challengel-Shimmer-Pink-HG13-builder-gel-15ml-1512_1-300x300.jpg",300,300,true],"medium_large":["https:\/\/nailedstore.nl\/wp-content\/uploads\/2026\/03\/pol_po_Challengel-Shimmer-Pink-HG13-builder-gel-15ml-1512_1-768x768.jpg",768,768,true],"large":["https:\/\/nailedstore.nl\/wp-content\/uploads\/2026\/03\/pol_po_Challengel-Shimmer-Pink-HG13-builder-gel-15ml-1512_1.jpg",1000,1000,false],"1536x1536":["https:\/\/nailedstore.nl\/wp-content\/uploads\/2026\/03\/pol_po_Challengel-Shimmer-Pink-HG13-builder-gel-15ml-1512_1.jpg",1000,1000,false],"2048x2048":["https:\/\/nailedstore.nl\/wp-content\/uploads\/2026\/03\/pol_po_Challengel-Shimmer-Pink-HG13-builder-gel-15ml-1512_1.jpg",1000,1000,false],"woocommerce_thumbnail":["https:\/\/nailedstore.nl\/wp-content\/uploads\/2026\/03\/pol_po_Challengel-Shimmer-Pink-HG13-builder-gel-15ml-1512_1-300x300.jpg",300,300,true],"woocommerce_single":["https:\/\/nailedstore.nl\/wp-content\/uploads\/2026\/03\/pol_po_Challengel-Shimmer-Pink-HG13-builder-gel-15ml-1512_1-600x600.jpg",600,600,true],"woocommerce_gallery_thumbnail":["https:\/\/nailedstore.nl\/wp-content\/uploads\/2026\/03\/pol_po_Challengel-Shimmer-Pink-HG13-builder-gel-15ml-1512_1-100x100.jpg",100,100,true],"dgwt-wcas-product-suggestion":["https:\/\/nailedstore.nl\/wp-content\/uploads\/2026\/03\/pol_po_Challengel-Shimmer-Pink-HG13-builder-gel-15ml-1512_1-64x64.jpg",64,64,true]},"uagb_author_info":{"display_name":"Kasia","author_link":"https:\/\/nailedstore.nl\/nl\/author\/"},"uagb_comment_info":0,"uagb_excerpt":"Challengel Shimmer Pink HG13 is een roze bouwgel met iriserende glitter, ideaal voor snelle en precieze stijlen. Perfect voor ervaren stylisten die duurzaamheid en een indrukwekkende afwerking waarderen.","_links":{"self":[{"href":"https:\/\/nailedstore.nl\/nl\/wp-json\/wp\/v2\/product\/138559","targetHints":{"allow":["GET"]}}],"collection":[{"href":"https:\/\/nailedstore.nl\/nl\/wp-json\/wp\/v2\/product"}],"about":[{"href":"https:\/\/nailedstore.nl\/nl\/wp-json\/wp\/v2\/types\/product"}],"replies":[{"embeddable":true,"href":"https:\/\/nailedstore.nl\/nl\/wp-json\/wp\/v2\/comments?post=138559"}],"wp:featuredmedia":[{"embeddable":true,"href":"https:\/\/nailedstore.nl\/nl\/wp-json\/wp\/v2\/media\/136160"}],"wp:attachment":[{"href":"https:\/\/nailedstore.nl\/nl\/wp-json\/wp\/v2\/media?parent=138559"}],"wp:term":[{"taxonomy":"product_brand","embeddable":true,"href":"https:\/\/nailedstore.nl\/nl\/wp-json\/wp\/v2\/product_brand?post=138559"},{"taxonomy":"product_cat","embeddable":true,"href":"https:\/\/nailedstore.nl\/nl\/wp-json\/wp\/v2\/product_cat?post=138559"},{"taxonomy":"product_tag","embeddable":true,"href":"https:\/\/nailedstore.nl\/nl\/wp-json\/wp\/v2\/product_tag?post=138559"}],"curies":[{"name":"wp","href":"https:\/\/api.w.org\/{rel}","templated":true}]}}