{"id":138622,"date":"2026-03-13T01:17:34","date_gmt":"2026-03-13T00:17:34","guid":{"rendered":"https:\/\/nailedstore.nl\/?post_type=product&#038;p=138622"},"modified":"2026-04-01T13:17:52","modified_gmt":"2026-04-01T11:17:52","slug":"hand-en-lichaamsbalsem-goddess-makear-300ml","status":"publish","type":"product","link":"https:\/\/nailedstore.nl\/nl\/produkt\/hand-en-lichaamsbalsem-goddess-makear-300ml\/","title":{"rendered":"Hand- en lichaamsbalsem &#8216;Goddess&#8217; MAKEAR 300ml"},"content":{"rendered":"<p style=\"text-align: center\"><strong>Complete verzorging voor handen en lichaam &#8211; &#8216;Goddess&#8217; Balsem MAKEAR 300ml.<\/strong><\/p>\n<p style=\"text-align: center\"><strong>Geur ge\u00efnspireerd door &#8216;Olympea&#8217; PaccoRabbane<\/strong><\/p>\n<p style=\"text-align: center\">\n<p style=\"text-align: center\"><strong><span style=\"font-weight: 400\">Ontdek onze MAKEAR hand- en lichaamsbalsem &#8211; ontwikkeld om volledige verzorging te bieden, de gezonde uitstraling van je huid te herstellen en je huid een prachtige geur te geven.<\/span><\/strong><\/p>\n<p style=\"text-align: center\"><strong><span style=\"font-weight: 400\">De formule van onze cr\u00e8me bevat unieke ingredi\u00ebnten die diep in de huid doordringen, intensieve hydratatie en regeneratie bieden. Dankzij de vitamines en mineralen in de MAKEAR cr\u00e8me, wordt droge huid effectief verzacht, barstjes ge\u00eblimineerd en irritaties verminderd. Om je aanraking zijdezacht te maken, hebben we natuurlijke ingredi\u00ebnten toegevoegd zoals sheaboter en vitamines A en E, fytosterolen en zuren: kaneelzuur, galluszuur.<\/span><\/strong><\/p>\n<p style=\"text-align: center\">\n<hr \/>\n<p style=\"text-align: center\">\n<p style=\"text-align: center\">\n<p style=\"text-align: center\"><strong>Voordelen:<\/strong><\/p>\n<ul style=\"text-align: center\">\n<li><strong><span style=\"font-weight: 400\">Huid met &#8216;silk touch&#8217; effect &#8211; zijdezachte aanraking<\/span><\/strong><\/li>\n<li><strong><span style=\"font-weight: 400\">Intensieve regeneratie van droge huid Hydrateert handen zonder plakkerig gevoel<\/span><\/strong><\/li>\n<li><strong><span style=\"font-weight: 400\">Bevat actieve ingredi\u00ebnten<\/span><\/strong><\/li>\n<li><strong><span style=\"font-weight: 400\">Verzacht irritaties<\/span><\/strong><\/li>\n<li><strong><span style=\"font-weight: 400\">Heeft een intense en langdurige parfumgeur<\/span><\/strong><\/li>\n<\/ul>\n<hr \/>\n<p style=\"text-align: center\">\n<p style=\"text-align: center\">\n<p style=\"text-align: center\"><strong>CR\u00c8ME INGREDI\u00cbNTEN DIE JE MOET WETEN:<\/strong><\/p>\n<ul>\n<li style=\"text-align: center\"><strong><span style=\"text-decoration: underline\">SHEABOTER<\/span> &#8211;<\/strong> Helpt bij huidregeneratie, verzacht irritaties en ontstekingen. Werkt ook als natuurlijke UV-filter, beschermt de huid tegen schadelijke zonnestralen.<\/li>\n<li style=\"text-align: center\"><strong><span style=\"text-decoration: underline\">VITAMINE A &#8211;<\/span><\/strong> Helpt bij huidregeneratie, stimuleert de collageenproductie, wat leidt tot verbeterde huidelasticiteit en vermindering van rimpels.<\/li>\n<li style=\"text-align: center\"><span style=\"text-decoration: underline\"><strong>VITAMINE E<\/strong> &#8211;<\/span> Werkt als een krachtige antioxidant, beschermt de huid tegen schade door vrije radicalen. Helpt ook bij het hydrateren van de huid en bevordert wond- en littekenheling.<\/li>\n<li style=\"text-align: center\"><strong><span style=\"text-decoration: underline\">FYTOSEROLEN<\/span> &#8211;<\/strong> plantaardige verbindingen die in staat zijn om celregeneratie van de huid te stimuleren. Helpen de lipidenbarri\u00e8re van de huid te versterken, wat de elasticiteit en hydratatie verhoogt.<\/li>\n<li style=\"text-align: center\"><strong><span style=\"text-decoration: underline\">ZUREN<\/span> &#8211; galluszuur en kaneelzuur en vetzuren &#8211;<\/strong> Bezitten sterke antioxiderende en ontstekingsremmende eigenschappen.<\/li>\n<li style=\"text-align: center\"><span style=\"text-decoration: underline\"><strong>ALO\u00cb VERA SAP<\/strong><\/span> &#8211; Alo\u00eb vera sap heeft hydraterende, kalmerende en regenererende eigenschappen. Helpt bij de behandeling van irritaties, ontstekingen en brandwonden.<\/li>\n<\/ul>\n<p style=\"text-align: center\">\n<hr \/>\n<hr \/>\n<p style=\"text-align: center\">\n<p style=\"text-align: center\"><strong>JE VINDT ER NIET IN:<\/strong> paraffine, siliconen, parabenen, microplastics en andere synthetische ingredi\u00ebnten met een hoog allergisch potentieel<\/p>\n<p style=\"text-align: center\">\n<p style=\"text-align: center\"><strong><span style=\"font-weight: 400\">Ontdek het Silk Touch effect en ervaar het verschil vandaag nog!<\/span><\/strong><\/p>\n","protected":false},"excerpt":{"rendered":"<p>MAKEAR hand- en lichaamsbalsem biedt intensieve hydratatie en regeneratie van de huid, met een zijdezachte aanraking en een prachtige geur ge\u00efnspireerd door Olympea PaccoRabbane. Actieve ingredi\u00ebnten zoals sheaboter en vitamines A en E verzachten irritaties en beschermen de huid.<\/p>\n","protected":false},"featured_media":135185,"comment_status":"open","ping_status":"closed","template":"","meta":{"_eb_attr":"","_uag_custom_page_level_css":"","_eb_data_table":"","site-sidebar-layout":"default","site-content-layout":"","ast-site-content-layout":"default","site-content-style":"default","site-sidebar-style":"default","ast-global-header-display":"","ast-banner-title-visibility":"","ast-main-header-display":"","ast-hfb-above-header-display":"","ast-hfb-below-header-display":"","ast-hfb-mobile-header-display":"","site-post-title":"","ast-breadcrumbs-content":"","ast-featured-img":"","footer-sml-layout":"","ast-disable-related-posts":"","theme-transparent-header-meta":"","adv-header-id-meta":"","stick-header-meta":"","header-above-stick-meta":"","header-main-stick-meta":"","header-below-stick-meta":"","astra-migrate-meta-layouts":"default","ast-page-background-enabled":"default","ast-page-background-meta":{"desktop":{"background-color":"var(--ast-global-color-5)","background-image":"","background-repeat":"repeat","background-position":"center center","background-size":"auto","background-attachment":"scroll","background-type":"","background-media":"","overlay-type":"","overlay-color":"","overlay-opacity":"","overlay-gradient":""},"tablet":{"background-color":"","background-image":"","background-repeat":"repeat","background-position":"center center","background-size":"auto","background-attachment":"scroll","background-type":"","background-media":"","overlay-type":"","overlay-color":"","overlay-opacity":"","overlay-gradient":""},"mobile":{"background-color":"","background-image":"","background-repeat":"repeat","background-position":"center center","background-size":"auto","background-attachment":"scroll","background-type":"","background-media":"","overlay-type":"","overlay-color":"","overlay-opacity":"","overlay-gradient":""}},"ast-content-background-meta":{"desktop":{"background-color":"var(--ast-global-color-4)","background-image":"","background-repeat":"repeat","background-position":"center center","background-size":"auto","background-attachment":"scroll","background-type":"","background-media":"","overlay-type":"","overlay-color":"","overlay-opacity":"","overlay-gradient":""},"tablet":{"background-color":"var(--ast-global-color-4)","background-image":"","background-repeat":"repeat","background-position":"center center","background-size":"auto","background-attachment":"scroll","background-type":"","background-media":"","overlay-type":"","overlay-color":"","overlay-opacity":"","overlay-gradient":""},"mobile":{"background-color":"var(--ast-global-color-4)","background-image":"","background-repeat":"repeat","background-position":"center center","background-size":"auto","background-attachment":"scroll","background-type":"","background-media":"","overlay-type":"","overlay-color":"","overlay-opacity":"","overlay-gradient":""}}},"product_brand":[],"product_cat":[533,551,552,553,562,187,560,536],"product_tag":[],"class_list":{"0":"post-138622","1":"product","2":"type-product","3":"status-publish","4":"has-post-thumbnail","6":"product_cat-accessoires","7":"product_cat-makear","8":"product_cat-makear-schoonheid","9":"product_cat-merken","10":"product_cat-nagels","11":"product_cat-nailed-store-nl","12":"product_cat-olijven-en-cremes","13":"product_cat-schoonheid","14":"desktop-align-left","15":"tablet-align-left","16":"mobile-align-left","18":"first","19":"instock","20":"taxable","21":"shipping-taxable","22":"purchasable","23":"product-type-simple"},"spectra_custom_meta":{"_thumbnail_id":["135185"],"_regular_price":["10"],"_price":["10"],"_sku":["5906321345293"],"_stock":["1.000000"],"_stock_status":["instock"],"_manage_stock":["yes"],"_virtual":["no"],"_downloadable":["no"],"_tax_status":["taxable"],"rank_math_title":["Balsem Goddess MAKEAR 300ml - Zijdezachte Aanraking"],"rank_math_description":["MAKEAR balsem hydrateert en regenereert intensief de huid van handen en lichaam, met een zijdezachte aanraking en een langdurige geur ge\u00efnspireerd door Olympea."],"_wpml_word_count":["434"],"_wp_old_date":["2026-03-27"],"_wcml_average_rating":[null],"_wcml_review_count":[null],"_wcml_rating_count":[null],"total_sales":["0"],"_tax_class":[""],"_backorders":["no"],"_sold_individually":["no"],"_download_limit":["-1"],"_download_expiry":["-1"],"_wc_average_rating":[0],"_wc_review_count":["0"],"_product_version":["10.6.1"],"_edit_last":["1345"],"_eb_reusable_block_ids":["a:0:{}"],"_uag_css_file_name":["uag-css-138622.css"],"_uag_page_assets":["a:9:{s:3:\"css\";s:263:\".uag-blocks-common-selector{z-index:var(--z-index-desktop) !important}@media (max-width: 976px){.uag-blocks-common-selector{z-index:var(--z-index-tablet) !important}}@media (max-width: 767px){.uag-blocks-common-selector{z-index:var(--z-index-mobile) !important}}\n\";s:2:\"js\";s:0:\"\";s:18:\"current_block_list\";a:2:{i:0;s:22:\"wpml\/language-switcher\";i:1;s:14:\"core\/shortcode\";}s:8:\"uag_flag\";b:0;s:11:\"uag_version\";s:10:\"1776636151\";s:6:\"gfonts\";a:0:{}s:10:\"gfonts_url\";s:0:\"\";s:12:\"gfonts_files\";a:0:{}s:14:\"uag_faq_layout\";b:0;}"],"_max_variation_price":[""],"_max_variation_regular_price":[""],"_max_variation_sale_price":[""],"_min_variation_price":[""],"_min_variation_regular_price":[""],"_min_variation_sale_price":[""],"_sale_price":[""],"_wc_rating_count":[""]},"uagb_featured_image_src":{"full":["https:\/\/nailedstore.nl\/wp-content\/uploads\/2026\/03\/pol_po_Body-Hand-Cream-Goddess-Makear-300ml-1389_1.png",1600,1600,false],"thumbnail":["https:\/\/nailedstore.nl\/wp-content\/uploads\/2026\/03\/pol_po_Body-Hand-Cream-Goddess-Makear-300ml-1389_1-150x150.png",150,150,true],"medium":["https:\/\/nailedstore.nl\/wp-content\/uploads\/2026\/03\/pol_po_Body-Hand-Cream-Goddess-Makear-300ml-1389_1-300x300.png",300,300,true],"medium_large":["https:\/\/nailedstore.nl\/wp-content\/uploads\/2026\/03\/pol_po_Body-Hand-Cream-Goddess-Makear-300ml-1389_1-768x768.png",768,768,true],"large":["https:\/\/nailedstore.nl\/wp-content\/uploads\/2026\/03\/pol_po_Body-Hand-Cream-Goddess-Makear-300ml-1389_1-1024x1024.png",1024,1024,true],"1536x1536":["https:\/\/nailedstore.nl\/wp-content\/uploads\/2026\/03\/pol_po_Body-Hand-Cream-Goddess-Makear-300ml-1389_1-1536x1536.png",1536,1536,true],"2048x2048":["https:\/\/nailedstore.nl\/wp-content\/uploads\/2026\/03\/pol_po_Body-Hand-Cream-Goddess-Makear-300ml-1389_1.png",1600,1600,false],"woocommerce_thumbnail":["https:\/\/nailedstore.nl\/wp-content\/uploads\/2026\/03\/pol_po_Body-Hand-Cream-Goddess-Makear-300ml-1389_1-300x300.png",300,300,true],"woocommerce_single":["https:\/\/nailedstore.nl\/wp-content\/uploads\/2026\/03\/pol_po_Body-Hand-Cream-Goddess-Makear-300ml-1389_1-600x600.png",600,600,true],"woocommerce_gallery_thumbnail":["https:\/\/nailedstore.nl\/wp-content\/uploads\/2026\/03\/pol_po_Body-Hand-Cream-Goddess-Makear-300ml-1389_1-100x100.png",100,100,true],"dgwt-wcas-product-suggestion":["https:\/\/nailedstore.nl\/wp-content\/uploads\/2026\/03\/pol_po_Body-Hand-Cream-Goddess-Makear-300ml-1389_1-64x64.png",64,64,true]},"uagb_author_info":{"display_name":"Kasia","author_link":"https:\/\/nailedstore.nl\/nl\/author\/"},"uagb_comment_info":0,"uagb_excerpt":"MAKEAR hand- en lichaamsbalsem biedt intensieve hydratatie en regeneratie van de huid, met een zijdezachte aanraking en een prachtige geur ge\u00efnspireerd door Olympea PaccoRabbane. Actieve ingredi\u00ebnten zoals sheaboter en vitamines A en E verzachten irritaties en beschermen de huid.","_links":{"self":[{"href":"https:\/\/nailedstore.nl\/nl\/wp-json\/wp\/v2\/product\/138622","targetHints":{"allow":["GET"]}}],"collection":[{"href":"https:\/\/nailedstore.nl\/nl\/wp-json\/wp\/v2\/product"}],"about":[{"href":"https:\/\/nailedstore.nl\/nl\/wp-json\/wp\/v2\/types\/product"}],"replies":[{"embeddable":true,"href":"https:\/\/nailedstore.nl\/nl\/wp-json\/wp\/v2\/comments?post=138622"}],"wp:featuredmedia":[{"embeddable":true,"href":"https:\/\/nailedstore.nl\/nl\/wp-json\/wp\/v2\/media\/135185"}],"wp:attachment":[{"href":"https:\/\/nailedstore.nl\/nl\/wp-json\/wp\/v2\/media?parent=138622"}],"wp:term":[{"taxonomy":"product_brand","embeddable":true,"href":"https:\/\/nailedstore.nl\/nl\/wp-json\/wp\/v2\/product_brand?post=138622"},{"taxonomy":"product_cat","embeddable":true,"href":"https:\/\/nailedstore.nl\/nl\/wp-json\/wp\/v2\/product_cat?post=138622"},{"taxonomy":"product_tag","embeddable":true,"href":"https:\/\/nailedstore.nl\/nl\/wp-json\/wp\/v2\/product_tag?post=138622"}],"curies":[{"name":"wp","href":"https:\/\/api.w.org\/{rel}","templated":true}]}}