{"id":138656,"date":"2026-03-13T00:56:31","date_gmt":"2026-03-12T23:56:31","guid":{"rendered":"https:\/\/nailedstore.nl\/?post_type=product&#038;p=138656"},"modified":"2026-04-01T13:17:49","modified_gmt":"2026-04-01T11:17:49","slug":"princess-gel-pink-pg05-gel-voor-nail-art-5ml","status":"publish","type":"product","link":"https:\/\/nailedstore.nl\/nl\/produkt\/princess-gel-pink-pg05-gel-voor-nail-art-5ml\/","title":{"rendered":"Princess Gel Pink PG05 &#8211; Gel voor Nail Art 5ml Makear"},"content":{"rendered":"<div class=\"longdescription__tabs\">\n<div class=\"longdescription__tabs__content\">\n<p>    <!-- OPIS I ZASTOSOWANIE --><\/p>\n<div class=\"longdescription__tab__content --description --active\" data-name=\"Opis i zastosowanie\">\n<h2><strong>Princess Gel \u2013 gel voor Nail Art met glinsterende deeltjes<\/strong><\/h2>\n<p><strong>Princess Gel<\/strong> is een decoratiegel met veelkleurige, onregelmatige deeltjes die licht vanuit verschillende hoeken weerkaatsen. Hiermee cre\u00eber je een spectaculaire nail art \u2013 van subtiele glans tot een intense, multidimensionale look. Perfect voor princess nails, constructiefrench, omgekeerde ombre en als glinsterend accent bij klassieke manicures.<\/p>\n<p>Dankzij de middelmatige viscositeit verspreidt de gel zich goed over de nagelplaat en biedt het precieze applicatie \u2013 ook rond de nagelriemen. Het loopt niet uit en laat een gecontroleerde hoeveelheid product toe, wat vooral belangrijk is bij het werken met deeltjes.<\/p>\n<\/p><\/div>\n<p>    <!-- DLACZEGO WARTO WYBRA\u0106 --><\/p>\n<div class=\"longdescription__tab__content --use\" data-name=\"Dlaczego warto wybra\u0107 Princess Gel?\">\n<ul>\n<li>Ingesloten deeltjes in verschillende vormen en maten \u2013 cre\u00ebren een multidimensionaal effect<\/li>\n<li>Mogelijkheid om de intensiteit van de decoratie te controleren \u2013 door de hoeveelheid gel te doseren<\/li>\n<li>Middelmatige viscositeit \u2013 comfortabele applicatie zonder uitlopen<\/li>\n<li>Ideaal voor princess nails, constructiefrench en ombre<\/li>\n<\/ul><\/div>\n<p>    <!-- ZASTOSOWANIE --><\/p>\n<div class=\"longdescription__tab__content --use\" data-name=\"Zastosowanie\">\n<ul>\n<li>Cre\u00ebren van princess nails<\/li>\n<li>Effectieve afwerking van constructiefrench<\/li>\n<li>Ombre decoraties en puntdecoraties<\/li>\n<\/ul><\/div>\n<p>    <!-- PARAMETRY PRODUKTU --><\/p>\n<div class=\"longdescription__tab__content --use\" data-name=\"Parametry produktu\">\n<ul>\n<li><strong>Effect:<\/strong> glinsterende onregelmatige deeltjes<\/li>\n<li><strong>Consistentie:<\/strong> middelmatig<\/li>\n<li><strong>Dispersielaag:<\/strong> ja<\/li>\n<li><strong>Inhoud:<\/strong> 5 ml<\/li>\n<li><strong>Uithardingstijd:<\/strong> LED min. 48W \u2013 60 s<\/li>\n<\/ul><\/div>\n<p>    <!-- SPOS\u00d3B U\u017bYCIA --><\/p>\n<div class=\"longdescription__tab__content --use\" data-name=\"Spos\u00f3b u\u017cycia\">\n<ol>\n<li>Bereid de nagelplaat voor. Matteer, reinig en ontvet de natuurlijke nagelplaat.<\/li>\n<li>Breng <a href=\"https:\/\/makear.pl\/pl\/products\/dehydrator-15ml-1475.html\" target=\"_blank\" rel=\"nofollow noopener\"><strong>Dehydrator Makear<\/strong><\/a> aan.<\/li>\n<li>Breng <a href=\"https:\/\/makear.pl\/pl\/products\/primer-non-acid-15ml.html\" target=\"_blank\" rel=\"nofollow noopener\"><strong>Primer Non-Acid<\/strong><\/a> of <a href=\"https:\/\/makear.pl\/pl\/products\/primer-acid-15ml.html\" target=\"_blank\" rel=\"nofollow noopener\"><strong>Primer Acid<\/strong><\/a> aan.<\/li>\n<li>Breng de <a href=\"https:\/\/makear.pl\/pl\/products\/kera-base-wzmacniajaca-baza-keratynowa-hemafree-1238.html\" target=\"_blank\" rel=\"nofollow noopener\"><strong>Kera Base<\/strong><\/a> aan en hard uit onder een LED-lamp (min. 48W) gedurende 30 seconden.<\/li>\n<li>Breng een <a href=\"https:\/\/makear.pl\/pl\/menu\/lakiery-hybrydowe-154.html\" target=\"_blank\" rel=\"nofollow noopener\"><strong>hybride lak<\/strong><\/a> of <a href=\"https:\/\/makear.pl\/pl\/menu\/zele-138.html\" target=\"_blank\" rel=\"nofollow noopener\"><strong>gel<\/strong><\/a> aan en hard uit onder een LED-lamp (min. 48W) gedurende 60 seconden.<\/li>\n<li>Breng <strong>Princess Gel<\/strong> aan met een gelpenseel <a href=\"https:\/\/makear.pl\/pl\/products\/pedzelek-do-zelu-oval-6-888.html\" target=\"_blank\" rel=\"nofollow noopener\"><strong>Oval 6<\/strong><\/a>, <a href=\"https:\/\/makear.pl\/pl\/products\/pedzelek-do-zdobien-liner-7mm-1145.html\" target=\"_blank\" rel=\"nofollow noopener\"><strong>Liner 7mm<\/strong><\/a> of een ander decoratiepenseel \u2013 afhankelijk van het gewenste effect.<\/li>\n<li>Hard uit onder een LED-lamp (min. 48W) gedurende 60 seconden.<\/li>\n<li>Beveilig met een topcoat, bijvoorbeeld <a href=\"https:\/\/makear.pl\/pl\/products\/top-no-wipe-15ml-71.html\" target=\"_blank\" rel=\"nofollow noopener\"><strong>Top No Wipe<\/strong><\/a>.<\/li>\n<\/ol><\/div>\n<p>    <!-- SK\u0141AD --><\/p>\n<div class=\"longdescription__tab__content --use\" data-name=\"Sk\u0142ad\">\n<p>POLYURETHANE-6, ACRYLATES\/ETHYLHEXYL ACRYLATE COPOLYMER, SILICA DIMETHYL SILYLATE, HYDROXYPROPYL METHACRYLATE, ETHYL TRIMETHYLBENZOYL PHENYLPHOSPHINATE, MAY CONTAIN: CI 77499, CI 14700, CI 77891, CI 47000, CI 42090<\/p>\n<\/p><\/div>\n<p>    <!-- \u015aRODKI OSTRO\u017bNO\u015aCI --><\/p>\n<div class=\"longdescription__tab__content --use\" data-name=\"\u015arodki ostro\u017cno\u015bci\">\n<p>Uitsluitend voor professioneel gebruik. Vermijd contact met huid en ogen. Kan een allergische reactie veroorzaken. Stop gebruik bij irritatie. Buiten bereik van kinderen bewaren.<\/p>\n<\/p><\/div>\n<\/p><\/div>\n<\/div>\n","protected":false},"excerpt":{"rendered":"<p>Princess Gel \u2013 gel voor Nail Art met glinsterende deeltjes Princess Gel is een decoratiegel met veelkleurige, onregelmatige deeltjes die [&hellip;]<\/p>\n","protected":false},"featured_media":134667,"comment_status":"open","ping_status":"closed","template":"","meta":{"_eb_attr":"","_uag_custom_page_level_css":"","_eb_data_table":"","site-sidebar-layout":"default","site-content-layout":"","ast-site-content-layout":"default","site-content-style":"default","site-sidebar-style":"default","ast-global-header-display":"","ast-banner-title-visibility":"","ast-main-header-display":"","ast-hfb-above-header-display":"","ast-hfb-below-header-display":"","ast-hfb-mobile-header-display":"","site-post-title":"","ast-breadcrumbs-content":"","ast-featured-img":"","footer-sml-layout":"","ast-disable-related-posts":"","theme-transparent-header-meta":"","adv-header-id-meta":"","stick-header-meta":"","header-above-stick-meta":"","header-main-stick-meta":"","header-below-stick-meta":"","astra-migrate-meta-layouts":"default","ast-page-background-enabled":"default","ast-page-background-meta":{"desktop":{"background-color":"var(--ast-global-color-5)","background-image":"","background-repeat":"repeat","background-position":"center center","background-size":"auto","background-attachment":"scroll","background-type":"","background-media":"","overlay-type":"","overlay-color":"","overlay-opacity":"","overlay-gradient":""},"tablet":{"background-color":"","background-image":"","background-repeat":"repeat","background-position":"center center","background-size":"auto","background-attachment":"scroll","background-type":"","background-media":"","overlay-type":"","overlay-color":"","overlay-opacity":"","overlay-gradient":""},"mobile":{"background-color":"","background-image":"","background-repeat":"repeat","background-position":"center center","background-size":"auto","background-attachment":"scroll","background-type":"","background-media":"","overlay-type":"","overlay-color":"","overlay-opacity":"","overlay-gradient":""}},"ast-content-background-meta":{"desktop":{"background-color":"var(--ast-global-color-4)","background-image":"","background-repeat":"repeat","background-position":"center center","background-size":"auto","background-attachment":"scroll","background-type":"","background-media":"","overlay-type":"","overlay-color":"","overlay-opacity":"","overlay-gradient":""},"tablet":{"background-color":"var(--ast-global-color-4)","background-image":"","background-repeat":"repeat","background-position":"center center","background-size":"auto","background-attachment":"scroll","background-type":"","background-media":"","overlay-type":"","overlay-color":"","overlay-opacity":"","overlay-gradient":""},"mobile":{"background-color":"var(--ast-global-color-4)","background-image":"","background-repeat":"repeat","background-position":"center center","background-size":"auto","background-attachment":"scroll","background-type":"","background-media":"","overlay-type":"","overlay-color":"","overlay-opacity":"","overlay-gradient":""}}},"product_brand":[],"product_cat":[584,551,553,556,562,187],"product_tag":[],"class_list":{"0":"post-138656","1":"product","2":"type-product","3":"status-publish","4":"has-post-thumbnail","6":"product_cat-decoratiegels","7":"product_cat-makear","8":"product_cat-merken","9":"product_cat-nagelkunst","10":"product_cat-nagels","11":"product_cat-nailed-store-nl","12":"desktop-align-left","13":"tablet-align-left","14":"mobile-align-left","16":"first","17":"instock","18":"taxable","19":"shipping-taxable","20":"purchasable","21":"product-type-simple"},"spectra_custom_meta":{"_thumbnail_id":["134667"],"_regular_price":["7"],"_price":["7"],"_sku":["5905817955657"],"_stock":["2.000000"],"_stock_status":["instock"],"_manage_stock":["yes"],"_virtual":["no"],"_downloadable":["no"],"_tax_status":["taxable"],"rank_math_title":["Princess Gel Pink PG05 - Gel voor Nail Art 5ml"],"_wpml_word_count":["382"],"_wp_old_date":["2026-03-27"],"_wcml_average_rating":[null],"_wcml_review_count":[null],"_wcml_rating_count":[null],"total_sales":["0"],"_tax_class":[""],"_backorders":["no"],"_sold_individually":["no"],"_download_limit":["-1"],"_download_expiry":["-1"],"_wc_average_rating":[0],"_wc_review_count":["0"],"_product_version":["10.6.1"],"_edit_last":["1345"],"_eb_reusable_block_ids":["a:0:{}"],"_uag_css_file_name":["uag-css-138656.css"],"_uag_page_assets":["a:9:{s:3:\"css\";s:263:\".uag-blocks-common-selector{z-index:var(--z-index-desktop) !important}@media (max-width: 976px){.uag-blocks-common-selector{z-index:var(--z-index-tablet) !important}}@media (max-width: 767px){.uag-blocks-common-selector{z-index:var(--z-index-mobile) !important}}\n\";s:2:\"js\";s:0:\"\";s:18:\"current_block_list\";a:2:{i:0;s:22:\"wpml\/language-switcher\";i:1;s:14:\"core\/shortcode\";}s:8:\"uag_flag\";b:0;s:11:\"uag_version\";s:10:\"1776513308\";s:6:\"gfonts\";a:0:{}s:10:\"gfonts_url\";s:0:\"\";s:12:\"gfonts_files\";a:0:{}s:14:\"uag_faq_layout\";b:0;}"],"_max_variation_price":[""],"_max_variation_regular_price":[""],"_max_variation_sale_price":[""],"_min_variation_price":[""],"_min_variation_regular_price":[""],"_min_variation_sale_price":[""],"_sale_price":[""],"_wc_rating_count":[""]},"uagb_featured_image_src":{"full":["https:\/\/nailedstore.nl\/wp-content\/uploads\/2026\/03\/pol_po_Princess-Gel-Pink-PG05-Nail-Art-Gel-5ml-1326_1.png",1000,1000,false],"thumbnail":["https:\/\/nailedstore.nl\/wp-content\/uploads\/2026\/03\/pol_po_Princess-Gel-Pink-PG05-Nail-Art-Gel-5ml-1326_1-150x150.png",150,150,true],"medium":["https:\/\/nailedstore.nl\/wp-content\/uploads\/2026\/03\/pol_po_Princess-Gel-Pink-PG05-Nail-Art-Gel-5ml-1326_1-300x300.png",300,300,true],"medium_large":["https:\/\/nailedstore.nl\/wp-content\/uploads\/2026\/03\/pol_po_Princess-Gel-Pink-PG05-Nail-Art-Gel-5ml-1326_1-768x768.png",768,768,true],"large":["https:\/\/nailedstore.nl\/wp-content\/uploads\/2026\/03\/pol_po_Princess-Gel-Pink-PG05-Nail-Art-Gel-5ml-1326_1.png",1000,1000,false],"1536x1536":["https:\/\/nailedstore.nl\/wp-content\/uploads\/2026\/03\/pol_po_Princess-Gel-Pink-PG05-Nail-Art-Gel-5ml-1326_1.png",1000,1000,false],"2048x2048":["https:\/\/nailedstore.nl\/wp-content\/uploads\/2026\/03\/pol_po_Princess-Gel-Pink-PG05-Nail-Art-Gel-5ml-1326_1.png",1000,1000,false],"woocommerce_thumbnail":["https:\/\/nailedstore.nl\/wp-content\/uploads\/2026\/03\/pol_po_Princess-Gel-Pink-PG05-Nail-Art-Gel-5ml-1326_1-300x300.png",300,300,true],"woocommerce_single":["https:\/\/nailedstore.nl\/wp-content\/uploads\/2026\/03\/pol_po_Princess-Gel-Pink-PG05-Nail-Art-Gel-5ml-1326_1-600x600.png",600,600,true],"woocommerce_gallery_thumbnail":["https:\/\/nailedstore.nl\/wp-content\/uploads\/2026\/03\/pol_po_Princess-Gel-Pink-PG05-Nail-Art-Gel-5ml-1326_1-100x100.png",100,100,true],"dgwt-wcas-product-suggestion":["https:\/\/nailedstore.nl\/wp-content\/uploads\/2026\/03\/pol_po_Princess-Gel-Pink-PG05-Nail-Art-Gel-5ml-1326_1-64x64.png",64,64,true]},"uagb_author_info":{"display_name":"Kasia","author_link":"https:\/\/nailedstore.nl\/nl\/author\/"},"uagb_comment_info":0,"uagb_excerpt":"Princess Gel \u2013 gel voor Nail Art met glinsterende deeltjes Princess Gel is een decoratiegel met veelkleurige, onregelmatige deeltjes die [&hellip;]","_links":{"self":[{"href":"https:\/\/nailedstore.nl\/nl\/wp-json\/wp\/v2\/product\/138656","targetHints":{"allow":["GET"]}}],"collection":[{"href":"https:\/\/nailedstore.nl\/nl\/wp-json\/wp\/v2\/product"}],"about":[{"href":"https:\/\/nailedstore.nl\/nl\/wp-json\/wp\/v2\/types\/product"}],"replies":[{"embeddable":true,"href":"https:\/\/nailedstore.nl\/nl\/wp-json\/wp\/v2\/comments?post=138656"}],"wp:featuredmedia":[{"embeddable":true,"href":"https:\/\/nailedstore.nl\/nl\/wp-json\/wp\/v2\/media\/134667"}],"wp:attachment":[{"href":"https:\/\/nailedstore.nl\/nl\/wp-json\/wp\/v2\/media?parent=138656"}],"wp:term":[{"taxonomy":"product_brand","embeddable":true,"href":"https:\/\/nailedstore.nl\/nl\/wp-json\/wp\/v2\/product_brand?post=138656"},{"taxonomy":"product_cat","embeddable":true,"href":"https:\/\/nailedstore.nl\/nl\/wp-json\/wp\/v2\/product_cat?post=138656"},{"taxonomy":"product_tag","embeddable":true,"href":"https:\/\/nailedstore.nl\/nl\/wp-json\/wp\/v2\/product_tag?post=138656"}],"curies":[{"name":"wp","href":"https:\/\/api.w.org\/{rel}","templated":true}]}}