{"id":138672,"date":"2026-03-13T00:46:09","date_gmt":"2026-03-12T23:46:09","guid":{"rendered":"https:\/\/nailedstore.nl\/?post_type=product&#038;p=138672"},"modified":"2026-04-01T13:17:47","modified_gmt":"2026-04-01T11:17:47","slug":"jellygo-milky-nude-jg03-gel-jelly-50-ml","status":"publish","type":"product","link":"https:\/\/nailedstore.nl\/nl\/produkt\/jellygo-milky-nude-jg03-gel-jelly-50-ml\/","title":{"rendered":"Jelly&#038;Go Milky Nude JG03 &#8211; gel jelly 50 ml Makear"},"content":{"rendered":"<div class=\"longdescription__tabs\">\n<div class=\"longdescription__tabs__content\">\n<p>    <!-- OPIS I ZASTOSOWANIE --><\/p>\n<div class=\"longdescription__tab__content --description --active\" data-name=\"Opis i zastosowanie\">\n<h2><strong>Jelly&amp;Go \u2013 Jelly-achtige gel voor verlenging en versterking van nagels<\/strong><\/h2>\n<p>Jelly&amp;Go is een builder gel met een zeer dikke consistentie, ideaal voor het verlengen van nagels, het versterken van de natuurlijke nagelplaat en het werken met dual forms. Dankzij de consistentie loopt het niet in de nagelriemen, wat volledige controle over de applicatie biedt en het mogelijk maakt om meerdere nagels tegelijk te doen.<\/p>\n<p>Het product is geschikt voor zowel beginnende nagelstylisten als voor geavanceerde stijlen, vooral bij extreem lange nagels of scherpe vormen. Eenvoudig aan te brengen, werkt uitstekend met een penseel en na uitharding is het uitzonderlijk duurzaam en bestand tegen mechanische schade.<\/p>\n<\/p><\/div>\n<p>    <!-- DLACZEGO WYBRA\u0106 JELLY&amp;GO --><\/p>\n<div class=\"longdescription__tab__content --use\" data-name=\"Dlaczego wybra\u0107 Jelly&amp;Go?\">\n<ul>\n<li>Geweldig voor beginnende nagelstylisten<\/li>\n<li>Maakt het mogelijk om op meerdere nagels tegelijk te werken<\/li>\n<li>Loopt niet in de nagelriemen \u2013 volledige controle over de applicatie<\/li>\n<li>Lichte zelfnivellerende eigenschappen merkbaar tijdens het werken met een penseel<\/li>\n<li>Lage uithardingstemperatuur \u2013 geen branderig gevoel<\/li>\n<li>Aangepast aan extreme vormen en lengtes<\/li>\n<li>Ideaal voor het werken met dual forms<\/li>\n<\/ul><\/div>\n<p>    <!-- ZASTOSOWANIE --><\/p>\n<div class=\"longdescription__tab__content --use\" data-name=\"Zastosowanie\">\n<ul>\n<li>Bouw en verlenging van gelnagels<\/li>\n<li>Versterking van de natuurlijke nagelplaat<\/li>\n<li>Vullen van gaten<\/li>\n<li>Werken met dual forms en sjablonen<\/li>\n<li>Stijlen die duurzaamheid en nauwkeurige modellering vereisen<\/li>\n<\/ul><\/div>\n<p>    <!-- PARAMETRY PRODUKTU --><\/p>\n<div class=\"longdescription__tab__content --use\" data-name=\"Parametry produktu\">\n<ul>\n<li><strong>Type:<\/strong> 3-fase builder gel<\/li>\n<li><strong>Consistentie:<\/strong> zeer dik, jelly gel<\/li>\n<li><strong>Zelfnivellerend:<\/strong> nee \/ minimaal onder penseel<\/li>\n<li><strong>Elasticiteit:<\/strong> laag<\/li>\n<li><strong>Dekking:<\/strong> 85%<\/li>\n<li><strong>Dispersielaag:<\/strong> ja<\/li>\n<li><strong>Uitharding:<\/strong> UV\/LED 48W \u2013 60 seconden<\/li>\n<li><strong>Polymerisatietemperatuur:<\/strong> zeer laag<\/li>\n<li><strong>Voor elk type nagelplaat<\/strong><\/li>\n<\/ul><\/div>\n<p>    <!-- SPOS\u00d3B U\u017bYCIA --><\/p>\n<div class=\"longdescription__tab__content --use\" data-name=\"Spos\u00f3b u\u017cycia\">\n<ol>\n<li>Mat, reinig en ontvet de natuurlijke nagelplaat.<\/li>\n<li>Breng primer aan: <a href=\"https:\/\/makear.pl\/pl\/products\/primer-non-acid-15ml.html\" target=\"_blank\" rel=\"nofollow noopener\"><strong>Primer Non-Acid<\/strong><\/a> of <a href=\"https:\/\/makear.pl\/pl\/products\/primer-acid-15ml.html\" target=\"_blank\" rel=\"nofollow noopener\"><strong>Primer Acid<\/strong><\/a>.<\/li>\n<li>Breng de basis aan <a href=\"https:\/\/makear.pl\/pl\/products\/kera-base-wzmacniajaca-baza-keratynowa-hemafree-1238.html\" target=\"_blank\" rel=\"nofollow noopener\"><strong>Kera Base<\/strong><\/a> en hard uit in een UV\/LED-lamp.<\/li>\n<li>Pas de vorm of dual form aan de vrije rand van de nagel aan.<\/li>\n<li>Breng een dunne laag gel aan, bereid het skelet voor en hard uit gedurende 15\u201330 seconden.<\/li>\n<li>Breng een dikkere laag gel aan, bouw de apex en de C-curve.<\/li>\n<li>Reinig met cleaner en vijl de nagel in de gewenste vorm.<\/li>\n<li>Werk af met de top <a href=\"https:\/\/makear.pl\/pl\/products\/top-no-wipe-hard-glass-8ml-964.html\" target=\"_blank\" rel=\"nofollow noopener\"><strong>Top Hard Glass 8ml<\/strong><\/a> en hard uit in een UV\/LED-lamp.<\/li>\n<\/ol><\/div>\n<p>    <!-- SK\u0141AD --><\/p>\n<div class=\"longdescription__tab__content --use\" data-name=\"Sk\u0142ad\">\n<p>Acrylates Copolymer, Hydroxypropyl Methacrylate, Cellulose Acetate Butyrate, Dimethicone, Microcrystalline Wax, Mica, Ethyl Trimethylbenzoyl Phenylphosphinate, CI 77891<\/p>\n<\/p><\/div>\n<p>    <!-- \u015aRODKI OSTRO\u017bNO\u015aCI --><\/p>\n<div class=\"longdescription__tab__content --use\" data-name=\"\u015arodki ostro\u017cno\u015bci\">\n<p>Alleen voor professioneel gebruik. Vermijd contact met huid en ogen. Kan een allergische reactie veroorzaken. Stop met gebruik bij irritatie. Buiten bereik van kinderen houden.<\/p>\n<\/p><\/div>\n<\/p><\/div>\n<\/div>\n","protected":false},"excerpt":{"rendered":"<p>Jelly&amp;Go \u2013 Jelly-achtige gel voor verlenging en versterking van nagels Jelly&amp;Go is een builder gel met een zeer dikke consistentie, [&hellip;]<\/p>\n","protected":false},"featured_media":134428,"comment_status":"open","ping_status":"closed","template":"","meta":{"_eb_attr":"","_uag_custom_page_level_css":"","_eb_data_table":"","site-sidebar-layout":"default","site-content-layout":"","ast-site-content-layout":"default","site-content-style":"default","site-sidebar-style":"default","ast-global-header-display":"","ast-banner-title-visibility":"","ast-main-header-display":"","ast-hfb-above-header-display":"","ast-hfb-below-header-display":"","ast-hfb-mobile-header-display":"","site-post-title":"","ast-breadcrumbs-content":"","ast-featured-img":"","footer-sml-layout":"","ast-disable-related-posts":"","theme-transparent-header-meta":"","adv-header-id-meta":"","stick-header-meta":"","header-above-stick-meta":"","header-main-stick-meta":"","header-below-stick-meta":"","astra-migrate-meta-layouts":"default","ast-page-background-enabled":"default","ast-page-background-meta":{"desktop":{"background-color":"var(--ast-global-color-5)","background-image":"","background-repeat":"repeat","background-position":"center center","background-size":"auto","background-attachment":"scroll","background-type":"","background-media":"","overlay-type":"","overlay-color":"","overlay-opacity":"","overlay-gradient":""},"tablet":{"background-color":"","background-image":"","background-repeat":"repeat","background-position":"center center","background-size":"auto","background-attachment":"scroll","background-type":"","background-media":"","overlay-type":"","overlay-color":"","overlay-opacity":"","overlay-gradient":""},"mobile":{"background-color":"","background-image":"","background-repeat":"repeat","background-position":"center center","background-size":"auto","background-attachment":"scroll","background-type":"","background-media":"","overlay-type":"","overlay-color":"","overlay-opacity":"","overlay-gradient":""}},"ast-content-background-meta":{"desktop":{"background-color":"var(--ast-global-color-4)","background-image":"","background-repeat":"repeat","background-position":"center center","background-size":"auto","background-attachment":"scroll","background-type":"","background-media":"","overlay-type":"","overlay-color":"","overlay-opacity":"","overlay-gradient":""},"tablet":{"background-color":"var(--ast-global-color-4)","background-image":"","background-repeat":"repeat","background-position":"center center","background-size":"auto","background-attachment":"scroll","background-type":"","background-media":"","overlay-type":"","overlay-color":"","overlay-opacity":"","overlay-gradient":""},"mobile":{"background-color":"var(--ast-global-color-4)","background-image":"","background-repeat":"repeat","background-position":"center center","background-size":"auto","background-attachment":"scroll","background-type":"","background-media":"","overlay-type":"","overlay-color":"","overlay-opacity":"","overlay-gradient":""}}},"product_brand":[],"product_cat":[540,554,551,553,562,187],"product_tag":[],"class_list":{"0":"post-138672","1":"product","2":"type-product","3":"status-publish","4":"has-post-thumbnail","6":"product_cat-bouwer-gel","7":"product_cat-gelmethode","8":"product_cat-makear","9":"product_cat-merken","10":"product_cat-nagels","11":"product_cat-nailed-store-nl","12":"desktop-align-left","13":"tablet-align-left","14":"mobile-align-left","16":"first","17":"instock","18":"taxable","19":"shipping-taxable","20":"purchasable","21":"product-type-simple"},"spectra_custom_meta":{"_thumbnail_id":["134428"],"_regular_price":["24"],"_price":["24"],"_sku":["5905817955350"],"_stock":["2.000000"],"_stock_status":["instock"],"_manage_stock":["yes"],"_virtual":["no"],"_downloadable":["no"],"_tax_status":["taxable"],"rank_math_title":["Jelly&Go Milky Nude JG03 - gel jelly 50 ml"],"_wpml_word_count":["407"],"_wp_old_date":["2026-03-27"],"_wcml_average_rating":[null],"_wcml_review_count":[null],"_wcml_rating_count":[null],"total_sales":["0"],"_tax_class":[""],"_backorders":["no"],"_sold_individually":["no"],"_download_limit":["-1"],"_download_expiry":["-1"],"_wc_average_rating":[0],"_wc_review_count":["0"],"_product_version":["10.6.1"],"_edit_last":["1345"],"_eb_reusable_block_ids":["a:0:{}"],"_uag_css_file_name":["uag-css-138672.css"],"_uag_page_assets":["a:9:{s:3:\"css\";s:263:\".uag-blocks-common-selector{z-index:var(--z-index-desktop) !important}@media (max-width: 976px){.uag-blocks-common-selector{z-index:var(--z-index-tablet) !important}}@media (max-width: 767px){.uag-blocks-common-selector{z-index:var(--z-index-mobile) !important}}\n\";s:2:\"js\";s:0:\"\";s:18:\"current_block_list\";a:2:{i:0;s:22:\"wpml\/language-switcher\";i:1;s:14:\"core\/shortcode\";}s:8:\"uag_flag\";b:0;s:11:\"uag_version\";s:10:\"1776636151\";s:6:\"gfonts\";a:0:{}s:10:\"gfonts_url\";s:0:\"\";s:12:\"gfonts_files\";a:0:{}s:14:\"uag_faq_layout\";b:0;}"],"_max_variation_price":[""],"_max_variation_regular_price":[""],"_max_variation_sale_price":[""],"_min_variation_price":[""],"_min_variation_regular_price":[""],"_min_variation_sale_price":[""],"_sale_price":[""],"_wc_rating_count":[""]},"uagb_featured_image_src":{"full":["https:\/\/nailedstore.nl\/wp-content\/uploads\/2026\/03\/pol_po_Jelly-Go-Milky-Nude-JG03-jelly-builder-gel-50-ml-1261_4.png",1000,1000,false],"thumbnail":["https:\/\/nailedstore.nl\/wp-content\/uploads\/2026\/03\/pol_po_Jelly-Go-Milky-Nude-JG03-jelly-builder-gel-50-ml-1261_4-150x150.png",150,150,true],"medium":["https:\/\/nailedstore.nl\/wp-content\/uploads\/2026\/03\/pol_po_Jelly-Go-Milky-Nude-JG03-jelly-builder-gel-50-ml-1261_4-300x300.png",300,300,true],"medium_large":["https:\/\/nailedstore.nl\/wp-content\/uploads\/2026\/03\/pol_po_Jelly-Go-Milky-Nude-JG03-jelly-builder-gel-50-ml-1261_4-768x768.png",768,768,true],"large":["https:\/\/nailedstore.nl\/wp-content\/uploads\/2026\/03\/pol_po_Jelly-Go-Milky-Nude-JG03-jelly-builder-gel-50-ml-1261_4.png",1000,1000,false],"1536x1536":["https:\/\/nailedstore.nl\/wp-content\/uploads\/2026\/03\/pol_po_Jelly-Go-Milky-Nude-JG03-jelly-builder-gel-50-ml-1261_4.png",1000,1000,false],"2048x2048":["https:\/\/nailedstore.nl\/wp-content\/uploads\/2026\/03\/pol_po_Jelly-Go-Milky-Nude-JG03-jelly-builder-gel-50-ml-1261_4.png",1000,1000,false],"woocommerce_thumbnail":["https:\/\/nailedstore.nl\/wp-content\/uploads\/2026\/03\/pol_po_Jelly-Go-Milky-Nude-JG03-jelly-builder-gel-50-ml-1261_4-300x300.png",300,300,true],"woocommerce_single":["https:\/\/nailedstore.nl\/wp-content\/uploads\/2026\/03\/pol_po_Jelly-Go-Milky-Nude-JG03-jelly-builder-gel-50-ml-1261_4-600x600.png",600,600,true],"woocommerce_gallery_thumbnail":["https:\/\/nailedstore.nl\/wp-content\/uploads\/2026\/03\/pol_po_Jelly-Go-Milky-Nude-JG03-jelly-builder-gel-50-ml-1261_4-100x100.png",100,100,true],"dgwt-wcas-product-suggestion":["https:\/\/nailedstore.nl\/wp-content\/uploads\/2026\/03\/pol_po_Jelly-Go-Milky-Nude-JG03-jelly-builder-gel-50-ml-1261_4-64x64.png",64,64,true]},"uagb_author_info":{"display_name":"Kasia","author_link":"https:\/\/nailedstore.nl\/nl\/author\/"},"uagb_comment_info":0,"uagb_excerpt":"Jelly&amp;Go \u2013 Jelly-achtige gel voor verlenging en versterking van nagels Jelly&amp;Go is een builder gel met een zeer dikke consistentie, [&hellip;]","_links":{"self":[{"href":"https:\/\/nailedstore.nl\/nl\/wp-json\/wp\/v2\/product\/138672","targetHints":{"allow":["GET"]}}],"collection":[{"href":"https:\/\/nailedstore.nl\/nl\/wp-json\/wp\/v2\/product"}],"about":[{"href":"https:\/\/nailedstore.nl\/nl\/wp-json\/wp\/v2\/types\/product"}],"replies":[{"embeddable":true,"href":"https:\/\/nailedstore.nl\/nl\/wp-json\/wp\/v2\/comments?post=138672"}],"wp:featuredmedia":[{"embeddable":true,"href":"https:\/\/nailedstore.nl\/nl\/wp-json\/wp\/v2\/media\/134428"}],"wp:attachment":[{"href":"https:\/\/nailedstore.nl\/nl\/wp-json\/wp\/v2\/media?parent=138672"}],"wp:term":[{"taxonomy":"product_brand","embeddable":true,"href":"https:\/\/nailedstore.nl\/nl\/wp-json\/wp\/v2\/product_brand?post=138672"},{"taxonomy":"product_cat","embeddable":true,"href":"https:\/\/nailedstore.nl\/nl\/wp-json\/wp\/v2\/product_cat?post=138672"},{"taxonomy":"product_tag","embeddable":true,"href":"https:\/\/nailedstore.nl\/nl\/wp-json\/wp\/v2\/product_tag?post=138672"}],"curies":[{"name":"wp","href":"https:\/\/api.w.org\/{rel}","templated":true}]}}