{"id":138700,"date":"2026-03-13T00:38:30","date_gmt":"2026-03-12T23:38:30","guid":{"rendered":"https:\/\/nailedstore.nl\/?post_type=product&#038;p=138700"},"modified":"2026-04-01T13:17:44","modified_gmt":"2026-04-01T11:17:44","slug":"gelacryl-cover-pink-ag05-acrylgel-30-g","status":"publish","type":"product","link":"https:\/\/nailedstore.nl\/nl\/produkt\/gelacryl-cover-pink-ag05-acrylgel-30-g\/","title":{"rendered":"Gelacryl Cover Pink AG05 &#8211; acrylgel 30 g Makear"},"content":{"rendered":"<div class=\"longdescription__tabs\">\n<div class=\"longdescription__tabs__content\">\n<p>    <!-- OPIS I ZASTOSOWANIE --><\/p>\n<div class=\"longdescription__tab__content --description --active\" data-name=\"Opis i zastosowanie\">\n<h2><strong>Gelacryl \u2013 flexibiliteit van gel, hardheid van acryl. E\u00e9n product, vele mogelijkheden.<\/strong><\/h2>\n<p><strong>Gelacryl<\/strong> is een acrylgel die de plasticiteit van een bouwgel en de duurzaamheid van klassieke acryl combineert. Het is de perfecte keuze voor stylisten die betrouwbaarheid, controle en werkcomfort verwachten \u2013 ongeacht de techniek.<\/p>\n<p>Dankzij de formule van Gelacryl kun je nagels nauwkeurig vormen zonder haast \u2013 het loopt niet uit, verspreidt zich niet over de nagelriemen en hardt niet uit tijdens het aanbrengen. Je kunt rustig aan 5 nagels tegelijk werken, zonder risico op vormverlies voor het uitharden. De dikke, stabiele consistentie is ideaal voor zowel werken op een klassieke sjabloon als met <strong>dual form<\/strong>.<\/p>\n<p>Dit is een product dat in elke rol past: <strong>verlenging, opbouw, reconstructie, correctie van de natuurlijke nagelplaat of versterking van dunne nagels<\/strong>.<\/p>\n<\/p><\/div>\n<p>    <!-- ZALETY --><\/p>\n<div class=\"longdescription__tab__content --use\" data-name=\"Dlaczego warto wybra\u0107 Gelacryl?\">\n<ul>\n<li>Flexibiliteit van gel + hardheid van acryl \u2013 de ideale balans tussen werkcomfort en duurzaamheid<\/li>\n<li>Werken zonder stress \u2013 loopt niet uit, brandt niet in de lamp<\/li>\n<li>Mogelijkheid om tot 5 nagels tegelijk te modelleren<\/li>\n<li>Geurloos \u2013 comfort voor jou en je klanten<\/li>\n<li>Plastic tijdens het aanbrengen, hard na uitharding \u2013 ideaal voor reconstructies en correcties<\/li>\n<li>Compatibel met elke techniek \u2013 klassieke vormen, dual forms, gecombineerde stijlen<\/li>\n<\/ul><\/div>\n<p>    <!-- ZASTOSOWANIE --><\/p>\n<div class=\"longdescription__tab__content --use\" data-name=\"Zastosowanie\">\n<ul>\n<li>Nagelverlenging (vormen \/ dualform)<\/li>\n<li>Versterking van de natuurlijke nagelplaat<\/li>\n<li>Opbouw en aanvullingen<\/li>\n<li>Reconstructie van beschadigde nagelplaat<\/li>\n<\/ul><\/div>\n<p>    <!-- SPOS\u00d3B U\u017bYCIA --><\/p>\n<div class=\"longdescription__tab__content --use\" data-name=\"Spos\u00f3b u\u017cycia\">\n<h4><strong>Verlenging \u2013 vorm:<\/strong><\/h4>\n<ol>\n<li>Mat maken, reinigen en ontvetten van de natuurlijke nagelplaat.<\/li>\n<li>Breng <a href=\"https:\/\/makear.pl\/pl\/products\/dehydrator-15ml-1115.html\" target=\"_blank\" rel=\"nofollow noopener\">Dehydrator<\/a> aan, gevolgd door <a href=\"https:\/\/makear.pl\/pl\/products\/primer-non-acid-15ml-989.html\" target=\"_blank\" rel=\"nofollow noopener\">Primer Non-Acid<\/a> of <a href=\"https:\/\/makear.pl\/pl\/products\/primer-acid-15ml-1116.html\" target=\"_blank\" rel=\"nofollow noopener\">Primer Acid<\/a>.<\/li>\n<li>Breng een basis aan (bijv. <a href=\"https:\/\/makear.pl\/pl\/products\/kera-base-wzmacniajaca-baza-keratynowa-hemafree-1238.html\" target=\"_blank\" rel=\"nofollow noopener\">Kera Base<\/a>) en hard deze uit in een LED\/UV-lamp van 48W gedurende 60 sec.<\/li>\n<li>Pas de sjabloon aan op de vrije rand van de nagel.<\/li>\n<li>Breng een portie Gelacryl aan en vorm de nagel met een met cleaner bevochtigd penseel.<\/li>\n<li>Hard uit in een LED-lamp van 48W \u2013 60 seconden.<\/li>\n<li>Reinig met cleaner, werk de vorm af met een vijl en voltooi de styling met een topcoat, bijv. <a href=\"https:\/\/makear.pl\/pl\/products\/top-no-wipe-hard-glass-8ml-964.html\" target=\"_blank\" rel=\"nofollow noopener\">Top No Wipe Hard Glass<\/a>.<\/li>\n<\/ol>\n<h4><strong>Verlenging \u2013 dual form:<\/strong><\/h4>\n<ol>\n<li>Bereid de natuurlijke nagelplaat voor \u2013 mat maken, reinigen en ontvetten.<\/li>\n<li>Breng een basis aan en hard deze uit.<\/li>\n<li>Verspreid Gelacryl in de dual form tot de gewenste lengte.<\/li>\n<li>Breng de vorm aan op de nagel, druk lichtjes aan en hard uit.<\/li>\n<li>Verwijder de vorm, reinig met cleaner en werk de vorm af.<\/li>\n<li>Voltooi de styling naar wens.<\/li>\n<\/ol><\/div>\n<p>    <!-- SK\u0141AD --><\/p>\n<div class=\"longdescription__tab__content --use\" data-name=\"Sk\u0142ad\">\n<p>Polyurethane, Silica Dimethyl Silylate, Dimethicone, Hydroxypropyl Methacrylate, Ethyl Trimethylbenzoyl Phenylphosphinate [+\/-]: CI 77499, CI 14700, CI 77891, CI 47000, CI 42090<\/p>\n<\/p><\/div>\n<p>    <!-- \u015aRODKI OSTRO\u017bNO\u015aCI --><\/p>\n<div class=\"longdescription__tab__content --use\" data-name=\"\u015arodki ostro\u017cno\u015bci\">\n<p>Product uitsluitend voor professioneel gebruik. Vermijd contact met huid en ogen. Kan een allergische reactie veroorzaken. Bij irritatie \u2013 stop het gebruik en raadpleeg een arts. Buiten bereik van kinderen bewaren.<\/p>\n<\/p><\/div>\n<\/p><\/div>\n<\/div>\n","protected":false},"excerpt":{"rendered":"<p>Gelacryl \u2013 flexibiliteit van gel, hardheid van acryl. E\u00e9n product, vele mogelijkheden. Gelacryl is een acrylgel die de plasticiteit van [&hellip;]<\/p>\n","protected":false},"featured_media":134198,"comment_status":"open","ping_status":"closed","template":"","meta":{"_eb_attr":"","_uag_custom_page_level_css":"","_eb_data_table":"","site-sidebar-layout":"default","site-content-layout":"","ast-site-content-layout":"default","site-content-style":"default","site-sidebar-style":"default","ast-global-header-display":"","ast-banner-title-visibility":"","ast-main-header-display":"","ast-hfb-above-header-display":"","ast-hfb-below-header-display":"","ast-hfb-mobile-header-display":"","site-post-title":"","ast-breadcrumbs-content":"","ast-featured-img":"","footer-sml-layout":"","ast-disable-related-posts":"","theme-transparent-header-meta":"","adv-header-id-meta":"","stick-header-meta":"","header-above-stick-meta":"","header-main-stick-meta":"","header-below-stick-meta":"","astra-migrate-meta-layouts":"default","ast-page-background-enabled":"default","ast-page-background-meta":{"desktop":{"background-color":"var(--ast-global-color-5)","background-image":"","background-repeat":"repeat","background-position":"center center","background-size":"auto","background-attachment":"scroll","background-type":"","background-media":"","overlay-type":"","overlay-color":"","overlay-opacity":"","overlay-gradient":""},"tablet":{"background-color":"","background-image":"","background-repeat":"repeat","background-position":"center center","background-size":"auto","background-attachment":"scroll","background-type":"","background-media":"","overlay-type":"","overlay-color":"","overlay-opacity":"","overlay-gradient":""},"mobile":{"background-color":"","background-image":"","background-repeat":"repeat","background-position":"center center","background-size":"auto","background-attachment":"scroll","background-type":"","background-media":"","overlay-type":"","overlay-color":"","overlay-opacity":"","overlay-gradient":""}},"ast-content-background-meta":{"desktop":{"background-color":"var(--ast-global-color-4)","background-image":"","background-repeat":"repeat","background-position":"center center","background-size":"auto","background-attachment":"scroll","background-type":"","background-media":"","overlay-type":"","overlay-color":"","overlay-opacity":"","overlay-gradient":""},"tablet":{"background-color":"var(--ast-global-color-4)","background-image":"","background-repeat":"repeat","background-position":"center center","background-size":"auto","background-attachment":"scroll","background-type":"","background-media":"","overlay-type":"","overlay-color":"","overlay-opacity":"","overlay-gradient":""},"mobile":{"background-color":"var(--ast-global-color-4)","background-image":"","background-repeat":"repeat","background-position":"center center","background-size":"auto","background-attachment":"scroll","background-type":"","background-media":"","overlay-type":"","overlay-color":"","overlay-opacity":"","overlay-gradient":""}}},"product_brand":[],"product_cat":[546,547,551,553,562,187],"product_tag":[],"class_list":{"0":"post-138700","1":"product","2":"type-product","3":"status-publish","4":"has-post-thumbnail","6":"product_cat-gelacryl","7":"product_cat-gelacryl-dualform","8":"product_cat-makear","9":"product_cat-merken","10":"product_cat-nagels","11":"product_cat-nailed-store-nl","12":"desktop-align-left","13":"tablet-align-left","14":"mobile-align-left","16":"first","17":"instock","18":"taxable","19":"shipping-taxable","20":"purchasable","21":"product-type-simple"},"spectra_custom_meta":{"_thumbnail_id":["134198"],"_regular_price":["14"],"_price":["14"],"_sku":["5905351348380"],"_stock":["1.000000"],"_stock_status":["instock"],"_manage_stock":["yes"],"_virtual":["no"],"_downloadable":["no"],"_tax_status":["taxable"],"rank_math_title":["Gelacryl Cover Pink AG05 - acrylgel 30 g"],"_wpml_word_count":["463"],"_wp_old_date":["2026-03-27"],"_wpml_media_has_media":["1"],"_wcml_average_rating":[null],"_wcml_review_count":[null],"_wcml_rating_count":[null],"total_sales":["0"],"_tax_class":[""],"_backorders":["no"],"_sold_individually":["no"],"_download_limit":["-1"],"_download_expiry":["-1"],"_wc_average_rating":[0],"_wc_review_count":["0"],"_product_version":["10.6.1"],"_edit_last":["1345"],"_eb_reusable_block_ids":["a:0:{}"],"_uag_css_file_name":["uag-css-138700.css"],"_uag_page_assets":["a:9:{s:3:\"css\";s:263:\".uag-blocks-common-selector{z-index:var(--z-index-desktop) !important}@media (max-width: 976px){.uag-blocks-common-selector{z-index:var(--z-index-tablet) !important}}@media (max-width: 767px){.uag-blocks-common-selector{z-index:var(--z-index-mobile) !important}}\n\";s:2:\"js\";s:0:\"\";s:18:\"current_block_list\";a:2:{i:0;s:22:\"wpml\/language-switcher\";i:1;s:14:\"core\/shortcode\";}s:8:\"uag_flag\";b:0;s:11:\"uag_version\";s:10:\"1776636151\";s:6:\"gfonts\";a:0:{}s:10:\"gfonts_url\";s:0:\"\";s:12:\"gfonts_files\";a:0:{}s:14:\"uag_faq_layout\";b:0;}"],"_max_variation_price":[""],"_max_variation_regular_price":[""],"_max_variation_sale_price":[""],"_min_variation_price":[""],"_min_variation_regular_price":[""],"_min_variation_sale_price":[""],"_sale_price":[""],"_wc_rating_count":[""]},"uagb_featured_image_src":{"full":["https:\/\/nailedstore.nl\/wp-content\/uploads\/2026\/03\/pol_po_Gelacryl-Cover-Pink-AG05-acryl-gel-30-g-1219_1.png",1000,1000,false],"thumbnail":["https:\/\/nailedstore.nl\/wp-content\/uploads\/2026\/03\/pol_po_Gelacryl-Cover-Pink-AG05-acryl-gel-30-g-1219_1-150x150.png",150,150,true],"medium":["https:\/\/nailedstore.nl\/wp-content\/uploads\/2026\/03\/pol_po_Gelacryl-Cover-Pink-AG05-acryl-gel-30-g-1219_1-300x300.png",300,300,true],"medium_large":["https:\/\/nailedstore.nl\/wp-content\/uploads\/2026\/03\/pol_po_Gelacryl-Cover-Pink-AG05-acryl-gel-30-g-1219_1-768x768.png",768,768,true],"large":["https:\/\/nailedstore.nl\/wp-content\/uploads\/2026\/03\/pol_po_Gelacryl-Cover-Pink-AG05-acryl-gel-30-g-1219_1.png",1000,1000,false],"1536x1536":["https:\/\/nailedstore.nl\/wp-content\/uploads\/2026\/03\/pol_po_Gelacryl-Cover-Pink-AG05-acryl-gel-30-g-1219_1.png",1000,1000,false],"2048x2048":["https:\/\/nailedstore.nl\/wp-content\/uploads\/2026\/03\/pol_po_Gelacryl-Cover-Pink-AG05-acryl-gel-30-g-1219_1.png",1000,1000,false],"woocommerce_thumbnail":["https:\/\/nailedstore.nl\/wp-content\/uploads\/2026\/03\/pol_po_Gelacryl-Cover-Pink-AG05-acryl-gel-30-g-1219_1-300x300.png",300,300,true],"woocommerce_single":["https:\/\/nailedstore.nl\/wp-content\/uploads\/2026\/03\/pol_po_Gelacryl-Cover-Pink-AG05-acryl-gel-30-g-1219_1-600x600.png",600,600,true],"woocommerce_gallery_thumbnail":["https:\/\/nailedstore.nl\/wp-content\/uploads\/2026\/03\/pol_po_Gelacryl-Cover-Pink-AG05-acryl-gel-30-g-1219_1-100x100.png",100,100,true],"dgwt-wcas-product-suggestion":["https:\/\/nailedstore.nl\/wp-content\/uploads\/2026\/03\/pol_po_Gelacryl-Cover-Pink-AG05-acryl-gel-30-g-1219_1-64x64.png",64,64,true]},"uagb_author_info":{"display_name":"Kasia","author_link":"https:\/\/nailedstore.nl\/nl\/author\/"},"uagb_comment_info":0,"uagb_excerpt":"Gelacryl \u2013 flexibiliteit van gel, hardheid van acryl. E\u00e9n product, vele mogelijkheden. Gelacryl is een acrylgel die de plasticiteit van [&hellip;]","_links":{"self":[{"href":"https:\/\/nailedstore.nl\/nl\/wp-json\/wp\/v2\/product\/138700","targetHints":{"allow":["GET"]}}],"collection":[{"href":"https:\/\/nailedstore.nl\/nl\/wp-json\/wp\/v2\/product"}],"about":[{"href":"https:\/\/nailedstore.nl\/nl\/wp-json\/wp\/v2\/types\/product"}],"replies":[{"embeddable":true,"href":"https:\/\/nailedstore.nl\/nl\/wp-json\/wp\/v2\/comments?post=138700"}],"wp:featuredmedia":[{"embeddable":true,"href":"https:\/\/nailedstore.nl\/nl\/wp-json\/wp\/v2\/media\/134198"}],"wp:attachment":[{"href":"https:\/\/nailedstore.nl\/nl\/wp-json\/wp\/v2\/media?parent=138700"}],"wp:term":[{"taxonomy":"product_brand","embeddable":true,"href":"https:\/\/nailedstore.nl\/nl\/wp-json\/wp\/v2\/product_brand?post=138700"},{"taxonomy":"product_cat","embeddable":true,"href":"https:\/\/nailedstore.nl\/nl\/wp-json\/wp\/v2\/product_cat?post=138700"},{"taxonomy":"product_tag","embeddable":true,"href":"https:\/\/nailedstore.nl\/nl\/wp-json\/wp\/v2\/product_tag?post=138700"}],"curies":[{"name":"wp","href":"https:\/\/api.w.org\/{rel}","templated":true}]}}