{"id":138756,"date":"2026-03-13T00:16:53","date_gmt":"2026-03-12T23:16:53","guid":{"rendered":"https:\/\/nailedstore.nl\/?post_type=product&#038;p=138756"},"modified":"2026-04-01T13:17:38","modified_gmt":"2026-04-01T11:17:38","slug":"941-hybride-nagellak-makear-8-ml","status":"publish","type":"product","link":"https:\/\/nailedstore.nl\/nl\/produkt\/941-hybride-nagellak-makear-8-ml\/","title":{"rendered":"941 Hybride Nagellak Makear 8 ml"},"content":{"rendered":"<p><strong>941 Hybride Nagellak Makear&#x2122; UV\/LED<\/strong> is de perfecte keuze voor herfstnagelstyling. Deze hybride nagellak biedt uitzonderlijke dekking al na \u00e9\u00e9n laag, waardoor het aanbrengproces snel en effici\u00ebnt verloopt. De Autumn 2022 collectie van MAKEAR combineert chocoladetinten, pistache latte met kardemom en warme kaneel cacao. Het product is HEMAFREE en TPO FREE, wat het veiliger maakt voor de gezondheid. Dankzij de sterke pigmentatie en medium-dikke consistentie, is de lak comfortabel aan te brengen, en de perfect gevormde borstel vergemakkelijkt nauwkeurige applicatie. De lak hardt uit in een LED-lamp van minimaal 48W in slechts 60 seconden. MAKEAR is een merk dat bekend staat om innovatieve oplossingen en hoogwaardige componenten, met meer dan 350 kleuren. De lak is verpakt in een biologisch afbreekbaar doosje en biedt een langdurig effect zonder strepen.<\/p>\n","protected":false},"excerpt":{"rendered":"<p>941 Hybride Nagellak Makear&#x2122; UV\/LED is een uniek product uit de Autumn 2022 collectie, met rijke herfstkleuren en uitstekende dekking na slechts \u00e9\u00e9n laag. Veilig, duurzaam en eenvoudig aan te brengen.<\/p>\n","protected":false},"featured_media":133481,"comment_status":"open","ping_status":"closed","template":"","meta":{"_eb_attr":"","_uag_custom_page_level_css":"","_eb_data_table":"","site-sidebar-layout":"default","site-content-layout":"","ast-site-content-layout":"default","site-content-style":"default","site-sidebar-style":"default","ast-global-header-display":"","ast-banner-title-visibility":"","ast-main-header-display":"","ast-hfb-above-header-display":"","ast-hfb-below-header-display":"","ast-hfb-mobile-header-display":"","site-post-title":"","ast-breadcrumbs-content":"","ast-featured-img":"","footer-sml-layout":"","ast-disable-related-posts":"","theme-transparent-header-meta":"","adv-header-id-meta":"","stick-header-meta":"","header-above-stick-meta":"","header-main-stick-meta":"","header-below-stick-meta":"","astra-migrate-meta-layouts":"default","ast-page-background-enabled":"default","ast-page-background-meta":{"desktop":{"background-color":"var(--ast-global-color-5)","background-image":"","background-repeat":"repeat","background-position":"center center","background-size":"auto","background-attachment":"scroll","background-type":"","background-media":"","overlay-type":"","overlay-color":"","overlay-opacity":"","overlay-gradient":""},"tablet":{"background-color":"","background-image":"","background-repeat":"repeat","background-position":"center center","background-size":"auto","background-attachment":"scroll","background-type":"","background-media":"","overlay-type":"","overlay-color":"","overlay-opacity":"","overlay-gradient":""},"mobile":{"background-color":"","background-image":"","background-repeat":"repeat","background-position":"center center","background-size":"auto","background-attachment":"scroll","background-type":"","background-media":"","overlay-type":"","overlay-color":"","overlay-opacity":"","overlay-gradient":""}},"ast-content-background-meta":{"desktop":{"background-color":"var(--ast-global-color-4)","background-image":"","background-repeat":"repeat","background-position":"center center","background-size":"auto","background-attachment":"scroll","background-type":"","background-media":"","overlay-type":"","overlay-color":"","overlay-opacity":"","overlay-gradient":""},"tablet":{"background-color":"var(--ast-global-color-4)","background-image":"","background-repeat":"repeat","background-position":"center center","background-size":"auto","background-attachment":"scroll","background-type":"","background-media":"","overlay-type":"","overlay-color":"","overlay-opacity":"","overlay-gradient":""},"mobile":{"background-color":"var(--ast-global-color-4)","background-image":"","background-repeat":"repeat","background-position":"center center","background-size":"auto","background-attachment":"scroll","background-type":"","background-media":"","overlay-type":"","overlay-color":"","overlay-opacity":"","overlay-gradient":""}}},"product_brand":[],"product_cat":[549,551,553,562,187,572],"product_tag":[],"class_list":{"0":"post-138756","1":"product","2":"type-product","3":"status-publish","4":"has-post-thumbnail","6":"product_cat-hybride-nagellakken","7":"product_cat-makear","8":"product_cat-merken","9":"product_cat-nagels","10":"product_cat-nailed-store-nl","11":"product_cat-regulier","12":"desktop-align-left","13":"tablet-align-left","14":"mobile-align-left","16":"first","17":"instock","18":"taxable","19":"shipping-taxable","20":"purchasable","21":"product-type-simple"},"spectra_custom_meta":{"_thumbnail_id":["133481"],"_regular_price":["9.99"],"_price":["9.99"],"_sku":["5905351348007"],"_stock":["2.000000"],"_stock_status":["instock"],"_manage_stock":["yes"],"_virtual":["no"],"_downloadable":["no"],"_tax_status":["taxable"],"rank_math_title":["941 Hybride Nagellak Makear 8 ml - Herfstkleuren"],"rank_math_description":["Ontdek 941 Hybride Nagellak Makear - de ideale keuze voor een herfstmanicure. HEMAFREE, duurzaam, eenvoudig aan te brengen."],"_wpml_word_count":["183"],"_wp_old_date":["2026-03-27"],"_wcml_average_rating":[null],"_wcml_review_count":[null],"_wcml_rating_count":[null],"total_sales":["0"],"_tax_class":[""],"_backorders":["no"],"_sold_individually":["no"],"_download_limit":["-1"],"_download_expiry":["-1"],"_wc_average_rating":[0],"_wc_review_count":["0"],"_product_version":["10.6.1"],"_edit_last":["1345"],"_eb_reusable_block_ids":["a:0:{}"],"_uag_css_file_name":["uag-css-138756.css"],"_uag_page_assets":["a:9:{s:3:\"css\";s:0:\"\";s:2:\"js\";s:0:\"\";s:18:\"current_block_list\";a:2:{i:0;s:22:\"wpml\/language-switcher\";i:1;s:14:\"core\/shortcode\";}s:8:\"uag_flag\";b:0;s:11:\"uag_version\";s:10:\"1776636151\";s:6:\"gfonts\";a:0:{}s:10:\"gfonts_url\";s:0:\"\";s:12:\"gfonts_files\";a:0:{}s:14:\"uag_faq_layout\";b:0;}"],"_max_variation_price":[""],"_max_variation_regular_price":[""],"_max_variation_sale_price":[""],"_min_variation_price":[""],"_min_variation_regular_price":[""],"_min_variation_sale_price":[""],"_sale_price":[""],"_wc_rating_count":[""]},"uagb_featured_image_src":{"full":["https:\/\/nailedstore.nl\/wp-content\/uploads\/2026\/03\/pol_po_941-UV-Gel-Polish-Makear-8-ml-934_1.jpg",1600,1600,false],"thumbnail":["https:\/\/nailedstore.nl\/wp-content\/uploads\/2026\/03\/pol_po_941-UV-Gel-Polish-Makear-8-ml-934_1-150x150.jpg",150,150,true],"medium":["https:\/\/nailedstore.nl\/wp-content\/uploads\/2026\/03\/pol_po_941-UV-Gel-Polish-Makear-8-ml-934_1-300x300.jpg",300,300,true],"medium_large":["https:\/\/nailedstore.nl\/wp-content\/uploads\/2026\/03\/pol_po_941-UV-Gel-Polish-Makear-8-ml-934_1-768x768.jpg",768,768,true],"large":["https:\/\/nailedstore.nl\/wp-content\/uploads\/2026\/03\/pol_po_941-UV-Gel-Polish-Makear-8-ml-934_1-1024x1024.jpg",1024,1024,true],"1536x1536":["https:\/\/nailedstore.nl\/wp-content\/uploads\/2026\/03\/pol_po_941-UV-Gel-Polish-Makear-8-ml-934_1-1536x1536.jpg",1536,1536,true],"2048x2048":["https:\/\/nailedstore.nl\/wp-content\/uploads\/2026\/03\/pol_po_941-UV-Gel-Polish-Makear-8-ml-934_1.jpg",1600,1600,false],"woocommerce_thumbnail":["https:\/\/nailedstore.nl\/wp-content\/uploads\/2026\/03\/pol_po_941-UV-Gel-Polish-Makear-8-ml-934_1-300x300.jpg",300,300,true],"woocommerce_single":["https:\/\/nailedstore.nl\/wp-content\/uploads\/2026\/03\/pol_po_941-UV-Gel-Polish-Makear-8-ml-934_1-600x600.jpg",600,600,true],"woocommerce_gallery_thumbnail":["https:\/\/nailedstore.nl\/wp-content\/uploads\/2026\/03\/pol_po_941-UV-Gel-Polish-Makear-8-ml-934_1-100x100.jpg",100,100,true],"dgwt-wcas-product-suggestion":["https:\/\/nailedstore.nl\/wp-content\/uploads\/2026\/03\/pol_po_941-UV-Gel-Polish-Makear-8-ml-934_1-64x64.jpg",64,64,true]},"uagb_author_info":{"display_name":"Kasia","author_link":"https:\/\/nailedstore.nl\/nl\/author\/"},"uagb_comment_info":0,"uagb_excerpt":"941 Hybride Nagellak Makear&#x2122; UV\/LED is een uniek product uit de Autumn 2022 collectie, met rijke herfstkleuren en uitstekende dekking na slechts \u00e9\u00e9n laag. Veilig, duurzaam en eenvoudig aan te brengen.","_links":{"self":[{"href":"https:\/\/nailedstore.nl\/nl\/wp-json\/wp\/v2\/product\/138756","targetHints":{"allow":["GET"]}}],"collection":[{"href":"https:\/\/nailedstore.nl\/nl\/wp-json\/wp\/v2\/product"}],"about":[{"href":"https:\/\/nailedstore.nl\/nl\/wp-json\/wp\/v2\/types\/product"}],"replies":[{"embeddable":true,"href":"https:\/\/nailedstore.nl\/nl\/wp-json\/wp\/v2\/comments?post=138756"}],"wp:featuredmedia":[{"embeddable":true,"href":"https:\/\/nailedstore.nl\/nl\/wp-json\/wp\/v2\/media\/133481"}],"wp:attachment":[{"href":"https:\/\/nailedstore.nl\/nl\/wp-json\/wp\/v2\/media?parent=138756"}],"wp:term":[{"taxonomy":"product_brand","embeddable":true,"href":"https:\/\/nailedstore.nl\/nl\/wp-json\/wp\/v2\/product_brand?post=138756"},{"taxonomy":"product_cat","embeddable":true,"href":"https:\/\/nailedstore.nl\/nl\/wp-json\/wp\/v2\/product_cat?post=138756"},{"taxonomy":"product_tag","embeddable":true,"href":"https:\/\/nailedstore.nl\/nl\/wp-json\/wp\/v2\/product_tag?post=138756"}],"curies":[{"name":"wp","href":"https:\/\/api.w.org\/{rel}","templated":true}]}}