{"id":139168,"date":"2026-03-12T23:31:32","date_gmt":"2026-03-12T22:31:32","guid":{"rendered":"https:\/\/nailedstore.nl\/?post_type=product&#038;p=139168"},"modified":"2026-04-01T13:17:21","modified_gmt":"2026-04-01T11:17:21","slug":"n09-makear-hybrid-nagellak-8-ml","status":"publish","type":"product","link":"https:\/\/nailedstore.nl\/nl\/produkt\/n09-makear-hybrid-nagellak-8-ml\/","title":{"rendered":"N09 Makear Hybrid Nagellak 8 ml"},"content":{"rendered":"<div class=\"longdescription__tabs\">\n<div class=\"longdescription__tabs__content\">\n<div class=\"longdescription__tab__content --description --active\" data-name=\"Opis i zastosowanie\">\n<h2><strong>Makear Hybrid Nagellakken \u2013 duurzame kleuren, eenvoudige applicatie en bewezen samenstelling<\/strong><\/h2>\n<p>Makear Hybrid Nagellakken zijn de perfecte keuze voor degenen die op zoek zijn naar een duurzame hybride nagellak met een sterke dekking al na de eerste laag. Dankzij de medium-dikke consistentie zijn de lakken gemakkelijk aan te brengen, lopen ze niet uit op de nagelriemen en nivelleren ze goed.<\/p>\n<p>Makear vertrouwt op bewezen samenstellingen! Alle Makear Hybrid Nagellakken zijn <strong>HEMA VRIJ<\/strong>, wat betekent dat ze geen van de meest voorkomende allergenen bevatten.<\/p>\n<p>Bij Makear vind je meer dan 300 kleuren hybride nagellakken.<\/p>\n<p><strong>Rode neon hybride nagellak Makear<\/strong> is een voorstel voor de gedurfden die willen dat hun nagels vol leven zijn. De felle, intense kleur zal zeker de aandacht trekken en je handen een unieke, energieke uitstraling geven. Perfect voor de zomer, een feestje of speciale gelegenheden!<\/p>\n<p><\/p>\n<h3>Waarom kiezen stylisten voor Makear Hybrid Nagellakken?<\/h3>\n<p><\/p>\n<ul>\n<li><strong>Duurzaamheid van hybride manicure<\/strong> tot enkele weken zonder afbladderen<\/li>\n<li><strong>Hoge pigmentatie<\/strong> \u2013 goede dekking vanaf de eerste laag<\/li>\n<li><strong>Bewezen samenstelling<\/strong> \u2013 zonder <strong>HEMA<\/strong> en <strong>TPO<\/strong>, ideaal voor de gevoelige huid<\/li>\n<li><strong>Onze hybride nagellakken zijn veganistisch<\/strong><\/li>\n<li><strong>Eenvoudige applicatie<\/strong> \u2013 loopt niet uit op de nagelriemen, verdeelt goed<\/li>\n<li><strong>Grote keuze aan kleuren hybride nagellakken<\/strong><\/li>\n<li><strong>Handige kwast<\/strong>, waarmee je gemakkelijk bij de nagelriemen kunt lakken<\/li>\n<\/ul>\n<\/div>\n<div class=\"longdescription__tab__content --use\" data-name=\"cechy i specyfikacja\">\n<ul>\n<li><strong>Consistentie:<\/strong> Medium-dik<\/li>\n<li><strong>Veiligheid:<\/strong> HEMA Vrij<\/li>\n<li><strong>Verpakking:<\/strong> Kartonnen biologisch afbreekbare doos<\/li>\n<li><strong>Polymerisatietijd:<\/strong> 30\/60 sec LED-lamp 48W voor hybride<\/li>\n<li><strong>Inhoud:<\/strong> 8ml<\/li>\n<\/ul>\n<\/div>\n<div class=\"longdescription__tab__content --use\" data-name=\"spos\u00f3b u\u017cycia\">\n<ol>\n<li>Op een eerder uitgeharde basis voor hybride nagellakken \u2013 <a href=\"https:\/\/makear.pl\/pl\/products\/kera-base-wzmacniajaca-baza-keratynowa-hemafree-1238.html?query_id=4\" target=\"_blank\" rel=\"nofollow noopener\"><strong>Kera Base<\/strong><\/a> of <a href=\"https:\/\/makear.pl\/pl\/products\/rubber-base-clear-137.html\" target=\"_blank\" rel=\"nofollow noopener\"><strong>Rubber Base<\/strong><\/a>, breng de MAKEAR hybride nagellak aan.<\/li>\n<li>Uitharden in LED-lamp 48W \u2013 30\/60 seconden.<\/li>\n<li>Breng Top voor hybride nagellakken MAKEAR aan \u2013 <a href=\"https:\/\/makear.pl\/pl\/products\/top-no-wipe-hard-glass-8ml-964.html\" target=\"_blank\" rel=\"nofollow noopener\"><strong>Hard Glass<\/strong><\/a> of <a href=\"https:\/\/makear.pl\/pl\/products\/top-no-wipe-makear-8ml-1244.html?query_id=5\" target=\"_blank\" rel=\"nofollow noopener\"><strong>Top no Wipe<\/strong><\/a> en uitharden.<\/li>\n<\/ol>\n<\/div>\n<div class=\"longdescription__tab__content --use\" data-name=\"sk\u0142ad\">\n<p>Acrylates copolymer, HYDROXYPROPYL METHACRYLATE, Ethyl Trimethylbenzoyl Phenylphosphinate, Hydroxycyclohexyl Phenyl Ketone, SILICA DIMETHYL SILYLATE. <br \/>Kan Bevatten: CI 45410, CI 15850, CI 19140, CI 77742, CI 77510, CI 77499, CI 77891, CI 77288<\/p>\n<\/div>\n<div class=\"longdescription__tab__content --use\" data-name=\"\u015brodki ostro\u017cno\u015bci\">\n<p>Alleen voor professioneel gebruik. Vermijd contact met de huid. Lees de gebruiksaanwijzing zorgvuldig. Vermijd contact met de ogen. Kan een allergische reactie veroorzaken. Buiten bereik van kinderen houden. Stop het gebruik bij irritatie of raadpleeg een arts.<\/p>\n<\/div>\n<\/div>\n<\/div>\n","protected":false},"excerpt":{"rendered":"<p>N09 Makear Hybrid Nagellak 8 ml is een rode neon kleur, perfect voor de zomer en speciale gelegenheden. Veganistisch, HEMA Vrij, biedt duurzaamheid en intense dekking.<\/p>\n","protected":false},"featured_media":132013,"comment_status":"open","ping_status":"closed","template":"","meta":{"_eb_attr":"","_uag_custom_page_level_css":"","_eb_data_table":"","site-sidebar-layout":"default","site-content-layout":"","ast-site-content-layout":"default","site-content-style":"default","site-sidebar-style":"default","ast-global-header-display":"","ast-banner-title-visibility":"","ast-main-header-display":"","ast-hfb-above-header-display":"","ast-hfb-below-header-display":"","ast-hfb-mobile-header-display":"","site-post-title":"","ast-breadcrumbs-content":"","ast-featured-img":"","footer-sml-layout":"","ast-disable-related-posts":"","theme-transparent-header-meta":"","adv-header-id-meta":"","stick-header-meta":"","header-above-stick-meta":"","header-main-stick-meta":"","header-below-stick-meta":"","astra-migrate-meta-layouts":"default","ast-page-background-enabled":"default","ast-page-background-meta":{"desktop":{"background-color":"var(--ast-global-color-5)","background-image":"","background-repeat":"repeat","background-position":"center center","background-size":"auto","background-attachment":"scroll","background-type":"","background-media":"","overlay-type":"","overlay-color":"","overlay-opacity":"","overlay-gradient":""},"tablet":{"background-color":"","background-image":"","background-repeat":"repeat","background-position":"center center","background-size":"auto","background-attachment":"scroll","background-type":"","background-media":"","overlay-type":"","overlay-color":"","overlay-opacity":"","overlay-gradient":""},"mobile":{"background-color":"","background-image":"","background-repeat":"repeat","background-position":"center center","background-size":"auto","background-attachment":"scroll","background-type":"","background-media":"","overlay-type":"","overlay-color":"","overlay-opacity":"","overlay-gradient":""}},"ast-content-background-meta":{"desktop":{"background-color":"var(--ast-global-color-4)","background-image":"","background-repeat":"repeat","background-position":"center center","background-size":"auto","background-attachment":"scroll","background-type":"","background-media":"","overlay-type":"","overlay-color":"","overlay-opacity":"","overlay-gradient":""},"tablet":{"background-color":"var(--ast-global-color-4)","background-image":"","background-repeat":"repeat","background-position":"center center","background-size":"auto","background-attachment":"scroll","background-type":"","background-media":"","overlay-type":"","overlay-color":"","overlay-opacity":"","overlay-gradient":""},"mobile":{"background-color":"var(--ast-global-color-4)","background-image":"","background-repeat":"repeat","background-position":"center center","background-size":"auto","background-attachment":"scroll","background-type":"","background-media":"","overlay-type":"","overlay-color":"","overlay-opacity":"","overlay-gradient":""}}},"product_brand":[],"product_cat":[549,551,553,562,187,559],"product_tag":[],"class_list":{"0":"post-139168","1":"product","2":"type-product","3":"status-publish","4":"has-post-thumbnail","6":"product_cat-hybride-nagellakken","7":"product_cat-makear","8":"product_cat-merken","9":"product_cat-nagels","10":"product_cat-nailed-store-nl","11":"product_cat-neon","12":"desktop-align-left","13":"tablet-align-left","14":"mobile-align-left","16":"first","17":"instock","18":"taxable","19":"shipping-taxable","20":"purchasable","21":"product-type-simple"},"spectra_custom_meta":{"_thumbnail_id":["132013"],"_regular_price":["9.99"],"_price":["9.99"],"_sku":["5907508481926"],"_stock":["2.000000"],"_stock_status":["instock"],"_manage_stock":["yes"],"_virtual":["no"],"_downloadable":["no"],"_tax_status":["taxable"],"rank_math_title":["N09 Makear Hybrid Nagellak 8 ml - Rode Neon"],"rank_math_description":["Koop duurzame en intense rode neon hybride nagellak Makear 8 ml. Perfect voor de zomer en speciale gelegenheden."],"_wpml_word_count":["416"],"_wp_old_date":["2026-03-31"],"_wcml_average_rating":[null],"_wcml_review_count":[null],"_wcml_rating_count":[null],"total_sales":["0"],"_tax_class":[""],"_backorders":["no"],"_sold_individually":["no"],"_download_limit":["-1"],"_download_expiry":["-1"],"_wc_average_rating":[0],"_wc_review_count":["0"],"_product_version":["10.6.1"],"_edit_last":["1345"],"_eb_reusable_block_ids":["a:0:{}"],"_uag_css_file_name":["uag-css-139168.css"],"_uag_page_assets":["a:9:{s:3:\"css\";s:263:\".uag-blocks-common-selector{z-index:var(--z-index-desktop) !important}@media (max-width: 976px){.uag-blocks-common-selector{z-index:var(--z-index-tablet) !important}}@media (max-width: 767px){.uag-blocks-common-selector{z-index:var(--z-index-mobile) !important}}\n\";s:2:\"js\";s:0:\"\";s:18:\"current_block_list\";a:2:{i:0;s:22:\"wpml\/language-switcher\";i:1;s:14:\"core\/shortcode\";}s:8:\"uag_flag\";b:0;s:11:\"uag_version\";s:10:\"1776548764\";s:6:\"gfonts\";a:0:{}s:10:\"gfonts_url\";s:0:\"\";s:12:\"gfonts_files\";a:0:{}s:14:\"uag_faq_layout\";b:0;}"],"_max_variation_price":[""],"_max_variation_regular_price":[""],"_max_variation_sale_price":[""],"_min_variation_price":[""],"_min_variation_regular_price":[""],"_min_variation_sale_price":[""],"_sale_price":[""],"_wc_rating_count":[""]},"uagb_featured_image_src":{"full":["https:\/\/nailedstore.nl\/wp-content\/uploads\/2026\/03\/pol_po_N09-UV-Gel-Polish-Makear-8-ml-644_7.jpg",1600,1600,false],"thumbnail":["https:\/\/nailedstore.nl\/wp-content\/uploads\/2026\/03\/pol_po_N09-UV-Gel-Polish-Makear-8-ml-644_7-150x150.jpg",150,150,true],"medium":["https:\/\/nailedstore.nl\/wp-content\/uploads\/2026\/03\/pol_po_N09-UV-Gel-Polish-Makear-8-ml-644_7-300x300.jpg",300,300,true],"medium_large":["https:\/\/nailedstore.nl\/wp-content\/uploads\/2026\/03\/pol_po_N09-UV-Gel-Polish-Makear-8-ml-644_7-768x768.jpg",768,768,true],"large":["https:\/\/nailedstore.nl\/wp-content\/uploads\/2026\/03\/pol_po_N09-UV-Gel-Polish-Makear-8-ml-644_7-1024x1024.jpg",1024,1024,true],"1536x1536":["https:\/\/nailedstore.nl\/wp-content\/uploads\/2026\/03\/pol_po_N09-UV-Gel-Polish-Makear-8-ml-644_7-1536x1536.jpg",1536,1536,true],"2048x2048":["https:\/\/nailedstore.nl\/wp-content\/uploads\/2026\/03\/pol_po_N09-UV-Gel-Polish-Makear-8-ml-644_7.jpg",1600,1600,false],"woocommerce_thumbnail":["https:\/\/nailedstore.nl\/wp-content\/uploads\/2026\/03\/pol_po_N09-UV-Gel-Polish-Makear-8-ml-644_7-300x300.jpg",300,300,true],"woocommerce_single":["https:\/\/nailedstore.nl\/wp-content\/uploads\/2026\/03\/pol_po_N09-UV-Gel-Polish-Makear-8-ml-644_7-600x600.jpg",600,600,true],"woocommerce_gallery_thumbnail":["https:\/\/nailedstore.nl\/wp-content\/uploads\/2026\/03\/pol_po_N09-UV-Gel-Polish-Makear-8-ml-644_7-100x100.jpg",100,100,true],"dgwt-wcas-product-suggestion":["https:\/\/nailedstore.nl\/wp-content\/uploads\/2026\/03\/pol_po_N09-UV-Gel-Polish-Makear-8-ml-644_7-64x64.jpg",64,64,true]},"uagb_author_info":{"display_name":"Kasia","author_link":"https:\/\/nailedstore.nl\/nl\/author\/"},"uagb_comment_info":0,"uagb_excerpt":"N09 Makear Hybrid Nagellak 8 ml is een rode neon kleur, perfect voor de zomer en speciale gelegenheden. Veganistisch, HEMA Vrij, biedt duurzaamheid en intense dekking.","_links":{"self":[{"href":"https:\/\/nailedstore.nl\/nl\/wp-json\/wp\/v2\/product\/139168","targetHints":{"allow":["GET"]}}],"collection":[{"href":"https:\/\/nailedstore.nl\/nl\/wp-json\/wp\/v2\/product"}],"about":[{"href":"https:\/\/nailedstore.nl\/nl\/wp-json\/wp\/v2\/types\/product"}],"replies":[{"embeddable":true,"href":"https:\/\/nailedstore.nl\/nl\/wp-json\/wp\/v2\/comments?post=139168"}],"wp:featuredmedia":[{"embeddable":true,"href":"https:\/\/nailedstore.nl\/nl\/wp-json\/wp\/v2\/media\/132013"}],"wp:attachment":[{"href":"https:\/\/nailedstore.nl\/nl\/wp-json\/wp\/v2\/media?parent=139168"}],"wp:term":[{"taxonomy":"product_brand","embeddable":true,"href":"https:\/\/nailedstore.nl\/nl\/wp-json\/wp\/v2\/product_brand?post=139168"},{"taxonomy":"product_cat","embeddable":true,"href":"https:\/\/nailedstore.nl\/nl\/wp-json\/wp\/v2\/product_cat?post=139168"},{"taxonomy":"product_tag","embeddable":true,"href":"https:\/\/nailedstore.nl\/nl\/wp-json\/wp\/v2\/product_tag?post=139168"}],"curies":[{"name":"wp","href":"https:\/\/api.w.org\/{rel}","templated":true}]}}