{"id":140345,"date":"2026-04-13T23:53:33","date_gmt":"2026-04-13T21:53:33","guid":{"rendered":"https:\/\/nailedstore.nl\/?post_type=product&#038;p=140345"},"modified":"2026-04-13T23:56:10","modified_gmt":"2026-04-13T21:56:10","slug":"794-makear-hybride-nagellak-8-ml-kopia-kopia-kopia-kopia-kopia-kopia-kopia-kopia-kopia-kopia-kopia-kopia","status":"publish","type":"product","link":"https:\/\/nailedstore.nl\/nl\/produkt\/794-makear-hybride-nagellak-8-ml-kopia-kopia-kopia-kopia-kopia-kopia-kopia-kopia-kopia-kopia-kopia-kopia\/","title":{"rendered":"794 Makear hybride nagellak 8 ml (Kopia) (Kopia) (Kopia) (Kopia) (Kopia) (Kopia) (Kopia) (Kopia) (Kopia) (Kopia) (Kopia) (Kopia)"},"content":{"rendered":"<div class=\"longdescription__tabs\">\n<div class=\"longdescription__tabs__content\">\n<div class=\"longdescription__tab__content --description --active\" data-name=\"Opis i zastosowanie\">\n<h2><strong>Makear hybride nagellakken \u2013 duurzame kleuren, eenvoudige applicatie en bewezen samenstelling<\/strong><\/h2>\n<p>Makear hybride nagellakken zijn een uitstekende keuze voor degenen die op zoek zijn naar een duurzame hybride nagellak met sterke dekking al na de eerste laag. Dankzij de medium-dikke consistentie zijn de lakken gemakkelijk aan te brengen, lopen ze niet uit op de nagelriemen en nivelleren ze goed.<\/p>\n<p>Makear zet in op bewezen samenstellingen! Alle Makear hybride nagellakken zijn <strong>HEMA VRIJ<\/strong>, wat betekent dat ze geen van de meest voorkomende allergenen bevatten.<\/p>\n<p>Bij Makear vind je meer dan 300 kleuren hybride nagellakken.<\/p>\n<p><strong>Rode Makear hybride nagellak<\/strong> is een klassieker die bij elke gelegenheid past. Het is elegant, vrouwen kiezen het vaak voor dagelijks gebruik en voor speciale gelegenheden \u2013 tijdloos en universeel.<\/p>\n<p><\/p>\n<h3>Waarom kiezen stylisten voor Makear hybride nagellakken?<\/h3>\n<p><\/p>\n<ul>\n<li><strong>Duurzaamheid van hybride manicure<\/strong> tot enkele weken zonder afbladderen<\/li>\n<li><strong>Hoge pigmentatie<\/strong> \u2013 goede dekking vanaf de eerste laag<\/li>\n<li><strong>Bewezen samenstelling<\/strong> \u2013 zonder <strong>HEMA<\/strong> en <strong>TPO<\/strong>, ideaal voor de gevoelige huid<\/li>\n<li><strong>Onze hybride nagellakken zijn veganistisch<\/strong><\/li>\n<li><strong>Eenvoudige applicatie<\/strong> \u2013 loopt niet uit op de nagelriemen, verspreidt zich goed<\/li>\n<li><strong>Grote keuze aan kleuren hybride nagellakken<\/strong><\/li>\n<li><strong>Handige borstel<\/strong>, waarmee je gemakkelijk langs de nagelriemen kunt lakken<\/li>\n<\/ul>\n<\/div>\n<div class=\"longdescription__tab__content --use\" data-name=\"cechy i specyfikacja\">\n<ul>\n<li><strong>Consistentie:<\/strong> Medium dik<\/li>\n<li><strong>Veiligheid:<\/strong> HEMA Vrij<\/li>\n<li><strong>Verpakking:<\/strong> Kartonnen biologisch afbreekbare doos<\/li>\n<li><strong>Polymerisatietijd:<\/strong> 30\/60 sec LED-lamp 48W voor hybride<\/li>\n<li><strong>Inhoud:<\/strong> 8ml<\/li>\n<\/ul>\n<\/div>\n<div class=\"longdescription__tab__content --use\" data-name=\"spos\u00f3b u\u017cycia\">\n<ol>\n<li>Op een eerder uitgeharde basis voor hybride nagellakken \u2013 <a href=\"https:\/\/makear.pl\/pl\/products\/kera-base-wzmacniajaca-baza-keratynowa-hemafree-1238.html?query_id=4\" target=\"_blank\" rel=\"nofollow noopener\"><strong>Kera Base<\/strong><\/a> of <a href=\"https:\/\/makear.pl\/pl\/products\/rubber-base-clear-137.html\" target=\"_blank\" rel=\"nofollow noopener\"><strong>Rubber Base<\/strong><\/a>, breng Makear hybride nagellak aan.<\/li>\n<li>Uitharden in LED-lamp 48W \u2013 30\/60 seconden.<\/li>\n<li>Breng Top voor hybride nagellakken MAKEAR aan \u2013 <a href=\"https:\/\/makear.pl\/pl\/products\/top-no-wipe-hard-glass-8ml-964.html\" target=\"_blank\" rel=\"nofollow noopener\"><strong>Hard Glass<\/strong><\/a> of <a href=\"https:\/\/makear.pl\/pl\/products\/top-no-wipe-makear-8ml-1244.html?query_id=5\" target=\"_blank\" rel=\"nofollow noopener\"><strong>Top no Wipe<\/strong><\/a> en uitharden.<\/li>\n<\/ol>\n<\/div>\n<div class=\"longdescription__tab__content --use\" data-name=\"sk\u0142ad\">\n<p>Acrylates copolymer, HYDROXYPROPYL METHACRYLATE, Ethyl Trimethylbenzoyl Phenylphosphinate, Hydroxycyclohexyl Phenyl Ketone, SILICA DIMETHYL SILYLATE. <br \/>May Contain: CI 45410, CI 15850, CI 19140, CI 77742, CI 77510, CI 77499, CI 77891, CI 77288<\/p>\n<\/div>\n<div class=\"longdescription__tab__content --use\" data-name=\"\u015brodki ostro\u017cno\u015bci\">\n<p>Alleen voor professioneel gebruik. Vermijd contact met de huid. Lees de gebruiksaanwijzing zorgvuldig. Vermijd contact met de ogen. Kan een allergische reactie veroorzaken. Buiten bereik van kinderen houden. Stop met gebruik bij irritatie of raadpleeg een huisarts.<\/p>\n<\/div>\n<\/div>\n<\/div>\n","protected":false},"excerpt":{"rendered":"<p>Makear hybride nagellak 794 is een duurzame, rode lak met sterke dekking al na de eerste laag. Ideaal voor de gevoelige huid, HEMA vrij en veganistisch.<\/p>\n","protected":false},"featured_media":140347,"comment_status":"open","ping_status":"closed","template":"","meta":{"_eb_attr":"","_uag_custom_page_level_css":"","_eb_data_table":"","site-sidebar-layout":"default","site-content-layout":"","ast-site-content-layout":"default","site-content-style":"default","site-sidebar-style":"default","ast-global-header-display":"","ast-banner-title-visibility":"","ast-main-header-display":"","ast-hfb-above-header-display":"","ast-hfb-below-header-display":"","ast-hfb-mobile-header-display":"","site-post-title":"","ast-breadcrumbs-content":"","ast-featured-img":"","footer-sml-layout":"","ast-disable-related-posts":"","theme-transparent-header-meta":"default","adv-header-id-meta":"","stick-header-meta":"","header-above-stick-meta":"","header-main-stick-meta":"","header-below-stick-meta":"","astra-migrate-meta-layouts":"set","ast-page-background-enabled":"default","ast-page-background-meta":{"desktop":{"background-color":"var(--ast-global-color-5)","background-image":"","background-repeat":"repeat","background-position":"center center","background-size":"auto","background-attachment":"scroll","background-type":"","background-media":"","overlay-type":"","overlay-color":"","overlay-opacity":"","overlay-gradient":""},"tablet":{"background-color":"","background-image":"","background-repeat":"repeat","background-position":"center center","background-size":"auto","background-attachment":"scroll","background-type":"","background-media":"","overlay-type":"","overlay-color":"","overlay-opacity":"","overlay-gradient":""},"mobile":{"background-color":"","background-image":"","background-repeat":"repeat","background-position":"center center","background-size":"auto","background-attachment":"scroll","background-type":"","background-media":"","overlay-type":"","overlay-color":"","overlay-opacity":"","overlay-gradient":""}},"ast-content-background-meta":{"desktop":{"background-color":"var(--ast-global-color-4)","background-image":"","background-repeat":"repeat","background-position":"center center","background-size":"auto","background-attachment":"scroll","background-type":"","background-media":"","overlay-type":"","overlay-color":"","overlay-opacity":"","overlay-gradient":""},"tablet":{"background-color":"var(--ast-global-color-4)","background-image":"","background-repeat":"repeat","background-position":"center center","background-size":"auto","background-attachment":"scroll","background-type":"","background-media":"","overlay-type":"","overlay-color":"","overlay-opacity":"","overlay-gradient":""},"mobile":{"background-color":"var(--ast-global-color-4)","background-image":"","background-repeat":"repeat","background-position":"center center","background-size":"auto","background-attachment":"scroll","background-type":"","background-media":"","overlay-type":"","overlay-color":"","overlay-opacity":"","overlay-gradient":""}}},"product_brand":[],"product_cat":[549,551,553,562,187,572],"product_tag":[],"class_list":{"0":"post-140345","1":"product","2":"type-product","3":"status-publish","4":"has-post-thumbnail","6":"product_cat-hybride-nagellakken","7":"product_cat-makear","8":"product_cat-merken","9":"product_cat-nagels","10":"product_cat-nailed-store-nl","11":"product_cat-regulier","12":"desktop-align-left","13":"tablet-align-left","14":"mobile-align-left","16":"first","17":"instock","18":"taxable","19":"shipping-taxable","20":"purchasable","21":"product-type-simple"},"spectra_custom_meta":{"_regular_price":["9.99"],"total_sales":["0"],"_tax_status":["taxable"],"_tax_class":[""],"_manage_stock":["yes"],"_backorders":["no"],"_sold_individually":["no"],"_virtual":["no"],"_downloadable":["no"],"_product_image_gallery":[""],"_download_limit":["-1"],"_download_expiry":["-1"],"_thumbnail_id":["140347"],"_stock":["2"],"_stock_status":["instock"],"_wcml_average_rating":[null],"_wcml_review_count":[null],"_wcml_rating_count":[null],"_wc_average_rating":[0],"_wc_review_count":["0"],"_product_attributes":["a:1:{s:5:\"marka\";a:6:{s:4:\"name\";s:5:\"Marka\";s:5:\"value\";s:6:\"Makear\";s:8:\"position\";i:0;s:10:\"is_visible\";i:1;s:12:\"is_variation\";i:0;s:11:\"is_taxonomy\";i:0;}}"],"_product_version":["10.6.1"],"_price":["9.99"],"rank_math_title":["794 Makear hybride nagellak 8 ml - duurzaam en veilig"],"rank_math_description":["Rode Makear hybride nagellak 794 - duurzaamheid, hoge pigmentatie, HEMA vrij. Ideaal voor de gevoelige huid."],"_wpml_word_count":["419"],"_wp_old_date":["2026-03-27"],"_eb_reusable_block_ids":["a:0:{}"],"site-sidebar-layout":["default"],"theme-transparent-header-meta":["default"],"ast-site-content-layout":["default"],"site-content-style":["default"],"site-sidebar-style":["default"],"_wpml_media_duplicate":["1"],"_wpml_media_featured":["1"],"_wpml_media_has_media":["1"],"astra-migrate-meta-layouts":["set"],"_uag_css_file_name":["uag-css-140345.css"],"_uag_page_assets":["a:9:{s:3:\"css\";s:0:\"\";s:2:\"js\";s:0:\"\";s:18:\"current_block_list\";a:2:{i:0;s:22:\"wpml\/language-switcher\";i:1;s:14:\"core\/shortcode\";}s:8:\"uag_flag\";b:0;s:11:\"uag_version\";s:10:\"1776636151\";s:6:\"gfonts\";a:0:{}s:10:\"gfonts_url\";s:0:\"\";s:12:\"gfonts_files\";a:0:{}s:14:\"uag_faq_layout\";b:0;}"],"_max_variation_price":[""],"_max_variation_regular_price":[""],"_max_variation_sale_price":[""],"_min_variation_price":[""],"_min_variation_regular_price":[""],"_min_variation_sale_price":[""],"_sale_price":[""],"_wc_rating_count":[""]},"uagb_featured_image_src":{"full":["https:\/\/nailedstore.nl\/wp-content\/uploads\/2026\/04\/makear-lakier-hybrydowy-401.png",800,1040,false],"thumbnail":["https:\/\/nailedstore.nl\/wp-content\/uploads\/2026\/04\/makear-lakier-hybrydowy-401-150x150.png",150,150,true],"medium":["https:\/\/nailedstore.nl\/wp-content\/uploads\/2026\/04\/makear-lakier-hybrydowy-401-231x300.png",231,300,true],"medium_large":["https:\/\/nailedstore.nl\/wp-content\/uploads\/2026\/04\/makear-lakier-hybrydowy-401-768x998.png",768,998,true],"large":["https:\/\/nailedstore.nl\/wp-content\/uploads\/2026\/04\/makear-lakier-hybrydowy-401-788x1024.png",788,1024,true],"1536x1536":["https:\/\/nailedstore.nl\/wp-content\/uploads\/2026\/04\/makear-lakier-hybrydowy-401.png",800,1040,false],"2048x2048":["https:\/\/nailedstore.nl\/wp-content\/uploads\/2026\/04\/makear-lakier-hybrydowy-401.png",800,1040,false],"woocommerce_thumbnail":["https:\/\/nailedstore.nl\/wp-content\/uploads\/2026\/04\/makear-lakier-hybrydowy-401-300x300.png",300,300,true],"woocommerce_single":["https:\/\/nailedstore.nl\/wp-content\/uploads\/2026\/04\/makear-lakier-hybrydowy-401-600x780.png",600,780,true],"woocommerce_gallery_thumbnail":["https:\/\/nailedstore.nl\/wp-content\/uploads\/2026\/04\/makear-lakier-hybrydowy-401-100x100.png",100,100,true],"dgwt-wcas-product-suggestion":["https:\/\/nailedstore.nl\/wp-content\/uploads\/2026\/04\/makear-lakier-hybrydowy-401-64x83.png",64,83,true]},"uagb_author_info":{"display_name":"Kasia","author_link":"https:\/\/nailedstore.nl\/nl\/author\/"},"uagb_comment_info":0,"uagb_excerpt":"Makear hybride nagellak 794 is een duurzame, rode lak met sterke dekking al na de eerste laag. Ideaal voor de gevoelige huid, HEMA vrij en veganistisch.","_links":{"self":[{"href":"https:\/\/nailedstore.nl\/nl\/wp-json\/wp\/v2\/product\/140345","targetHints":{"allow":["GET"]}}],"collection":[{"href":"https:\/\/nailedstore.nl\/nl\/wp-json\/wp\/v2\/product"}],"about":[{"href":"https:\/\/nailedstore.nl\/nl\/wp-json\/wp\/v2\/types\/product"}],"replies":[{"embeddable":true,"href":"https:\/\/nailedstore.nl\/nl\/wp-json\/wp\/v2\/comments?post=140345"}],"wp:featuredmedia":[{"embeddable":true,"href":"https:\/\/nailedstore.nl\/nl\/wp-json\/wp\/v2\/media\/140347"}],"wp:attachment":[{"href":"https:\/\/nailedstore.nl\/nl\/wp-json\/wp\/v2\/media?parent=140345"}],"wp:term":[{"taxonomy":"product_brand","embeddable":true,"href":"https:\/\/nailedstore.nl\/nl\/wp-json\/wp\/v2\/product_brand?post=140345"},{"taxonomy":"product_cat","embeddable":true,"href":"https:\/\/nailedstore.nl\/nl\/wp-json\/wp\/v2\/product_cat?post=140345"},{"taxonomy":"product_tag","embeddable":true,"href":"https:\/\/nailedstore.nl\/nl\/wp-json\/wp\/v2\/product_tag?post=140345"}],"curies":[{"name":"wp","href":"https:\/\/api.w.org\/{rel}","templated":true}]}}